{"id":2,"date":"2020-08-23T16:44:39","date_gmt":"2020-08-23T14:44:39","guid":{"rendered":"https:\/\/www.medman.sk\/?page_id=2"},"modified":"2024-07-11T08:38:58","modified_gmt":"2024-07-11T06:38:58","slug":"domov","status":"publish","type":"page","link":"https:\/\/www.medman.sk\/","title":{"rendered":"Domov"},"content":{"rendered":"\n<style type=\"text\/css\" data-created_by=\"avia_inline_auto\" id=\"style-css-av-ke77weuw-7393e843d9c16c2502418330802a7e21\">\n#top .av-rotator-container.av-ke77weuw-7393e843d9c16c2502418330802a7e21{\ntext-align:left;\n}\n<\/style>\n<div  class='av-rotator-container av-rotation-container-left av-ke77weuw-7393e843d9c16c2502418330802a7e21  avia-builder-el-0  el_before_av_hr  avia-builder-el-first ' data-interval='5' data-animation='1'><h1 class='av-rotator-container-inner'>MEDMAN s.r.o. - <span class='av-rotator-text av-rotator-multiline-off'>\n<span class='av-rotator-text-single av-cu14-3f4a074ab662f5d6d72a363fbc6977bf av-rotator-text-single-1' >dostupn\u00e1 zdravotn\u00e1 starostlivos\u0165<\/span>\n<span class='av-rotator-text-single av-97lk-af7e09d47b35c1e6e5ffea70376ae7e2 av-rotator-text-single-2' >biomedic\u00ednsky v\u00fdskum<\/span>\n<span class='av-rotator-text-single av-8cfm-d12a1d72832b63244fe83442bd184123 av-rotator-text-single-3' >biologick\u00e1 lie\u010dba<\/span>\n<span class='av-rotator-text-single av-fdfe-7f3e83574665de208987ceb1d248429d av-rotator-text-single-4' >poradensk\u00e1 a konzulta\u010dn\u00e1 slu\u017eba<\/span>\n<\/span><\/h1><\/div>\n\n<style type=\"text\/css\" data-created_by=\"avia_inline_auto\" id=\"style-css-av-kea7n8gh-ba1e79677ae53b4cd3806f2784b41731\">\n#top .hr.hr-invisible.av-kea7n8gh-ba1e79677ae53b4cd3806f2784b41731{\nheight:50px;\n}\n<\/style>\n<div  class='hr av-kea7n8gh-ba1e79677ae53b4cd3806f2784b41731 hr-invisible  avia-builder-el-1  el_after_av_headline_rotator  el_before_av_two_third '><span class='hr-inner '><span class=\"hr-inner-style\"><\/span><\/span><\/div>\n\n<style type=\"text\/css\" data-created_by=\"avia_inline_auto\" id=\"style-css-av-m6e-0e44d75e81c85b91b03c9f6f8b63729c\">\n.flex_column.av-m6e-0e44d75e81c85b91b03c9f6f8b63729c{\nborder-radius:0px 0px 0px 0px;\npadding:0px 0px 0px 0px;\n}\n<\/style>\n<div  class='flex_column av-m6e-0e44d75e81c85b91b03c9f6f8b63729c av_two_third  avia-builder-el-2  el_after_av_hr  el_before_av_one_third  first flex_column_div av-zero-column-padding  '     ><p><div  class='av-countdown-timer av-keu293o4-6d33ed0eb895d25537c3c1d6e3eeaa0a av-align-center av-default-style av-classic-numbers  avia-builder-el-3  el_before_av_timeline  avia-builder-el-first '  data-year=' 2023' data-month='3' data-day=' 03 ' data-hour='8' data-minute='0' data-timezone='120' data-interval='60000' data-maximum='4' ><span class='av-countdown-timer-inner'><span class='av-countdown-cell av-countdown-days'><span class='av-countdown-cell-inner'><span class='av-countdown-time' data-upate-width='days'>0<\/span><span class='av-countdown-time-label' data-label='De\u0148' data-label-multi='Dni'>Dni<\/span><\/span><\/span><span class='av-countdown-cell av-countdown-hours'><span class='av-countdown-cell-inner'><span class='av-countdown-time' data-upate-width='hours'>0<\/span><span class='av-countdown-time-label' data-label='Hodina' data-label-multi='Hodiny'>Hodiny<\/span><\/span><\/span><span class='av-countdown-cell av-countdown-minutes'><span class='av-countdown-cell-inner'><span class='av-countdown-time' data-upate-width='minutes'>0<\/span><span class='av-countdown-time-label' data-label='Min\u00fata' data-label-multi='Min\u00faty'>Min\u00faty<\/span><\/span><\/span><\/span><\/div><br \/>\n<div  id=\"avia-timeline-1\"  class='avia-timeline-container av-kea7t9jl-03b6764b2cdf97d8bba486d9a8a9bca7 av-slideshow-ui  avia-builder-el-4  el_after_av_countdown  avia-builder-el-last ' ><ul class='avia-timeline avia-timeline-vertical av-milestone-placement-alternate avia-timeline- avia_animate_when_almost_visible avia-timeline-animate'>\n<li  class='av-milestone av-3r5c-3-1-2e3d9762b0e8850a41f1f44ff5c21e4a av-animated-generic fade-in av-milestone-valign-baseline av-milestone-odd'><h2 class='av-milestone-date ' id='milestone-5-jul-2024' ><strong>5 j\u00fal 2024<span class='av-milestone-indicator'><\/span><\/strong><\/h2><div class=\"av-milestone-icon-wrap\"><span class='av-milestone-icon milestone_icon avia-font-entypo-fontello'><span class='av-milestone-icon-inner milestone_inner'><i class='milestone-char avia-iconfont avia-font-entypo-fontello' data-av_icon='\ue8ac' data-av_iconfont='entypo-fontello' ><\/i><\/span><\/span><\/div><article class='av-milestone-content-wrap'><div class='av-milestone-contentbox'><header class=\"entry-content-header\" aria-label=\"Milestone: ukon\u010denie pou\u017e\u00edvania \u010d\u00edsla 0915252449\"><h4 class='av-milestone-title '>ukon\u010denie pou\u017e\u00edvania \u010d\u00edsla 0915252449<\/h4><\/header><div class='av-milestone-content'><p>ukon\u010denie pou\u017e\u00edvania telef\u00f3nneho \u010disla 0915 252 449 v ambulancii v Martine. Pre kontaktovanie alebo po\u017eiadavky pros\u00edm pou\u017eite druh\u00fd telef\u00f3ny kontakt, email, formul\u00e1r na tejto str\u00e1nke alebo zadajte po\u017eiadavku v aplik\u00e1cii e\u010cak\u00e1re\u0148, za komplik\u00e1cie sa ospravedl\u0148ujeme<\/p>\n<\/div><\/div><footer class='av-milestone-article-footer entry-footer'><\/footer><\/article><\/li>\n<li  class='av-milestone av-3r5c-3-2f7cb9830f643b1c034596a3541ea487 av-animated-generic fade-in av-milestone-valign-baseline av-milestone-even'><article class='av-milestone-content-wrap'><div class='av-milestone-contentbox'><header class=\"entry-content-header\" aria-label=\"Milestone: Zmena vyvol\u00e1vacieho syst\u00e9mu\"><h4 class='av-milestone-title '>Zmena vyvol\u00e1vacieho syst\u00e9mu<\/h4><\/header><div class='av-milestone-content'><p>za e\u010cak\u00e1re\u0148. Mo\u017enos\u0165 prihl\u00e1senia cez kiosk v \u010dak\u00e1rni alebo z mobilnej aplik\u00e1cie bezplatne, bezplatn\u00e1 nofitik\u00e1cia<\/p>\n<\/div><\/div><footer class='av-milestone-article-footer entry-footer'><\/footer><\/article><div class=\"av-milestone-icon-wrap\"><span class='av-milestone-icon milestone_icon avia-font-entypo-fontello'><span class='av-milestone-icon-inner milestone_inner'><i class='milestone-char avia-iconfont avia-font-entypo-fontello' data-av_icon='\ue8ab' data-av_iconfont='entypo-fontello' ><\/i><\/span><\/span><\/div><h2 class='av-milestone-date ' id='milestone-11-oktober-2023' ><strong>11. okt\u00f3ber 2023<span class='av-milestone-indicator'><\/span><\/strong><\/h2><\/li>\n<li  class='av-milestone av-3r5c-409edf23f65f15be014436ff604a7ba8 av-animated-generic fade-in av-milestone-valign-baseline av-milestone-odd'><h2 class='av-milestone-date ' id='milestone-3-april-2023' ><strong>3. apr\u00edl 2023<span class='av-milestone-indicator'><\/span><\/strong><\/h2><div class=\"av-milestone-icon-wrap\"><span class='av-milestone-icon milestone_icon avia-font-entypo-fontello'><span class='av-milestone-icon-inner milestone_inner'><i class='milestone-char avia-iconfont avia-font-entypo-fontello' data-av_icon='\ue8bc' data-av_iconfont='entypo-fontello' ><\/i><\/span><\/span><\/div><article class='av-milestone-content-wrap'><div class='av-milestone-contentbox'><header class=\"entry-content-header\" aria-label=\"Milestone: Bli\u017e\u0161ie k V\u00e1m\"><h4 class='av-milestone-title '>Bli\u017e\u0161ie k V\u00e1m<\/h4><\/header><div class='av-milestone-content'><p>s\u0165ahujeme sa bli\u017e\u0161ie k Vam &#8211; reumatologick\u00e1 ambulancia na novom mieste &#8211; OC TRINITY (ved\u013ea mestsk\u00e9ho \u00faradu) pr\u00edzemie &#8211; Hlinkova 28, \u010cadca &#8211; ordina\u010dn\u00e9 hodiny (odbery, vy\u0161etrenia) za\u010d\u00ednaj\u00fa od 8.00 hod., telef\u00f3nne \u010d\u00edslo a \u010fal\u0161ie kontakty bez zmeny<\/p>\n<\/div><\/div><footer class='av-milestone-article-footer entry-footer'><\/footer><\/article><\/li>\n<li  class='av-milestone av-3r5c-4-0d986014688b8418553615b99bc1bed3 av-animated-generic fade-in av-milestone-valign-baseline av-milestone-even'><article class='av-milestone-content-wrap'><div class='av-milestone-contentbox'><header class=\"entry-content-header\" aria-label=\"Milestone: Biologick\u00e1 lie\u010dba\"><h4 class='av-milestone-title '>Biologick\u00e1 lie\u010dba<\/h4><\/header><div class='av-milestone-content'><p>boli zmenen\u00e9 preskrip\u010dn\u00e9 obmedzenia, ve\u013ek\u00fa v\u00e4\u010d\u0161inu biologick\u00fdch a nov\u00fdch liekov m\u00f4\u017eu po splnen\u00ed krit\u00e9ri\u00ed indikova\u0165 v\u0161etci reumatol\u00f3govia (mimo centier biologickej lie\u010dby)<\/p>\n<\/div><\/div><footer class='av-milestone-article-footer entry-footer'><\/footer><\/article><div class=\"av-milestone-icon-wrap\"><span class='av-milestone-icon milestone_icon avia-font-entypo-fontello'><span class='av-milestone-icon-inner milestone_inner'><i class='milestone-char avia-iconfont avia-font-entypo-fontello' data-av_icon='\ue894' data-av_iconfont='entypo-fontello' ><\/i><\/span><\/span><\/div><h2 class='av-milestone-date ' id='milestone-1-september-2021' ><strong>1. september 2021<span class='av-milestone-indicator'><\/span><\/strong><\/h2><\/li>\n<li  class='av-milestone av-4198-7c64b12f0b1df7c69cde725265e44aa8 av-animated-generic fade-in av-milestone-valign-baseline av-milestone-odd'><h2 class='av-milestone-date ' id='milestone-13-oktober-2020' ><strong>13. okt\u00f3ber 2020<span class='av-milestone-indicator'><\/span><\/strong><\/h2><div class=\"av-milestone-icon-wrap\"><span class='av-milestone-icon milestone_icon avia-font-entypo-fontello'><span class='av-milestone-icon-inner milestone_inner'><i class='milestone-char avia-iconfont avia-font-entypo-fontello' data-av_icon='\ue80b' data-av_iconfont='entypo-fontello' ><\/i><\/span><\/span><\/div><article class='av-milestone-content-wrap'><div class='av-milestone-contentbox'><div class='av-milestone-content'><p><strong>Liga proti reumatizmu<\/strong>, miestna pobo\u010dka <strong>\u010cadca<\/strong>, V\u00e1s poz\u00fdva na stretnutie s odborn\u00fdm programom d\u0148a<strong> 13. okt\u00f3bra 2020<\/strong> o 15.00 v re\u0161taur\u00e1cii Kolk\u00e1re\u0148 (Kr\u00e1sno nad Kysucou)<\/p>\n<\/div><\/div><footer class='av-milestone-article-footer entry-footer'><\/footer><\/article><\/li>\n<li  class='av-milestone av-ej1s-77b9c200471cd1a4fbfd0c8ad9bc0b8d av-animated-generic fade-in av-milestone-valign-baseline av-milestone-even'><article class='av-milestone-content-wrap'><div class='av-milestone-contentbox'><div class='av-milestone-content'><p>posunut\u00e9<b> ordina\u010dn\u00e9 hodiny <\/b>v ambulancii v \u010cadci po\u010das pand\u00e9mie Covid-19<\/p>\n<\/div><\/div><footer class='av-milestone-article-footer entry-footer'><\/footer><\/article><div class=\"av-milestone-icon-wrap\"><span class='av-milestone-icon milestone_icon avia-font-entypo-fontello'><span class='av-milestone-icon-inner milestone_inner'><i class='milestone-char avia-iconfont avia-font-entypo-fontello' data-av_icon='\ue83f' data-av_iconfont='entypo-fontello' ><\/i><\/span><\/span><\/div><h2 class='av-milestone-date ' id='milestone-2020-marec' ><strong>2020 marec<span class='av-milestone-indicator'><\/span><\/strong><\/h2><\/li>\n<li  class='av-milestone av-cl3q-e77eca7153cbad744251732f4ab69d7b av-animated-generic fade-in av-milestone-valign-baseline av-milestone-odd'><h2 class='av-milestone-date ' id='milestone-2017-december' ><strong>2017 december<span class='av-milestone-indicator'><\/span><\/strong><\/h2><div class=\"av-milestone-icon-wrap\"><span class='av-milestone-icon milestone_icon avia-font-entypo-fontello'><span class='av-milestone-icon-inner milestone_inner'><i class='milestone-char avia-iconfont avia-font-entypo-fontello' data-av_icon='\ue86c' data-av_iconfont='entypo-fontello' ><\/i><\/span><\/span><\/div><article class='av-milestone-content-wrap'><div class='av-milestone-contentbox'><div class='av-milestone-content'><p>zak\u00fapenie modern\u00fdch <strong>vyvol\u00e1vac\u00edch syst\u00e9mov<\/strong>\u00a0do ambulanci\u00ed, ktor\u00e9 zjednodu\u0161ia a anonymizuj\u00fa zaradenie a vyvol\u00e1vanie pacientov v porad\u00ed<\/p>\n<\/div><\/div><footer class='av-milestone-article-footer entry-footer'><\/footer><\/article><\/li>\n<li  class='av-milestone av-8zy0-22c40756350585d961dbf17924925b0b av-animated-generic fade-in av-milestone-valign-baseline av-milestone-even'><article class='av-milestone-content-wrap'><div class='av-milestone-contentbox'><header class=\"entry-content-header\" aria-label=\"Milestone: ambulancia \u010cadca\"><h4 class='av-milestone-title '>ambulancia \u010cadca<\/h4><\/header><div class='av-milestone-content'><p>pres\u0165ahovanie ambulancie<b> z nevyhovuj\u00facich priestorov <\/b>v Kysuckej nemocnici<\/p>\n<\/div><\/div><footer class='av-milestone-article-footer entry-footer'><\/footer><\/article><div class=\"av-milestone-icon-wrap\"><span class='av-milestone-icon milestone_icon avia-font-entypo-fontello'><span class='av-milestone-icon-inner milestone_inner'><i class='milestone-char avia-iconfont avia-font-entypo-fontello' data-av_icon='\ue8bc' data-av_iconfont='entypo-fontello' ><\/i><\/span><\/span><\/div><h2 class='av-milestone-date ' id='milestone-2017-januar' ><strong>2017 janu\u00e1r<span class='av-milestone-indicator'><\/span><\/strong><\/h2><\/li>\n<li  class='av-milestone av-7b0o-273063ed9d41f7981279163c0c29d644 av-animated-generic fade-in av-milestone-valign-baseline av-milestone-odd'><h2 class='av-milestone-date ' id='milestone-2017-januar' ><strong>2017 janu\u00e1r<span class='av-milestone-indicator'><\/span><\/strong><\/h2><div class=\"av-milestone-icon-wrap\"><span class='av-milestone-icon milestone_icon avia-font-entypo-fontello'><span class='av-milestone-icon-inner milestone_inner'><i class='milestone-char avia-iconfont avia-font-entypo-fontello' data-av_icon='\ue8ac' data-av_iconfont='entypo-fontello' ><\/i><\/span><\/span><\/div><article class='av-milestone-content-wrap'><div class='av-milestone-contentbox'><header class=\"entry-content-header\" aria-label=\"Milestone: ambulancia \u010cadca\"><h4 class='av-milestone-title '>ambulancia \u010cadca<\/h4><\/header><div class='av-milestone-content'><p>ukon\u010denie pou\u017e\u00edvania telef\u00f3nneho \u010d\u00edsla pre ambulanciu v \u010cadci <del>0414604385<\/del><\/p>\n<\/div><\/div><footer class='av-milestone-article-footer entry-footer'><\/footer><\/article><\/li>\n<li  class='av-milestone av-4vp2-08f184e94261fc853bd412249964b785 av-animated-generic fade-in av-milestone-valign-baseline av-milestone-even'><article class='av-milestone-content-wrap'><div class='av-milestone-contentbox'><div class='av-milestone-content'><p><strong>Dlhodobo pon\u00fakame nielen na\u0161im pacientom \u00fa\u010das\u0165 v klinick\u00fdch \u0161t\u00fadiach s nov\u00fdmi typmi \u00fa\u010dinnej\u0161\u00edch liekov<\/strong><\/p>\n<\/div><\/div><footer class='av-milestone-article-footer entry-footer'><\/footer><\/article><div class=\"av-milestone-icon-wrap\"><span class='av-milestone-icon milestone_icon avia-font-entypo-fontello'><span class='av-milestone-icon-inner milestone_inner'><i class='milestone-char avia-iconfont avia-font-entypo-fontello' data-av_icon='\ue8d6' data-av_iconfont='entypo-fontello' ><\/i><\/span><\/span><\/div><h2 class='av-milestone-date ' id='milestone-od-2008' ><strong>od 2008<span class='av-milestone-indicator'><\/span><\/strong><\/h2><\/li>\n<li  class='av-milestone av-3r5c-3-1-fe49c2f4c38730d07795f51b78787f02 av-animated-generic fade-in av-milestone-valign-baseline av-milestone-odd'><h2 class='av-milestone-date ' id='milestone-od-2012' ><strong>od 2012<span class='av-milestone-indicator'><\/span><\/strong><\/h2><div class=\"av-milestone-icon-wrap\"><span class='av-milestone-icon milestone_icon avia-font-entypo-fontello'><span class='av-milestone-icon-inner milestone_inner'><i class='milestone-char avia-iconfont avia-font-entypo-fontello' data-av_icon='\ue894' data-av_iconfont='entypo-fontello' ><\/i><\/span><\/span><\/div><article class='av-milestone-content-wrap'><div class='av-milestone-contentbox'><header class=\"entry-content-header\" aria-label=\"Milestone: Liga proti reumatizmu\"><h4 class='av-milestone-title '>Liga proti reumatizmu<\/h4><\/header><div class='av-milestone-content'><p>partneri obnovenej miestnej pobo\u010dky Ligy proti reumatizmu \u010cadca<\/p>\n<\/div><\/div><footer class='av-milestone-article-footer entry-footer'><\/footer><\/article><\/li>\n<\/ul><\/div><\/p><\/div>\n<style type=\"text\/css\" data-created_by=\"avia_inline_auto\" id=\"style-css-av-2dl6-ea6fc2ac5b960adb8d29990d19f5cb87\">\n.flex_column.av-2dl6-ea6fc2ac5b960adb8d29990d19f5cb87{\nborder-radius:0px 0px 0px 0px;\npadding:0px 0px 0px 0px;\n}\n<\/style>\n<div  class='flex_column av-2dl6-ea6fc2ac5b960adb8d29990d19f5cb87 av_one_third  avia-builder-el-5  el_after_av_two_third  avia-builder-el-last  flex_column_div av-zero-column-padding  '     ><section  class='av_textblock_section av-ke77xphl-668d10c4f874bba9bee348edab354395 '   itemscope=\"itemscope\" itemtype=\"https:\/\/schema.org\/CreativeWork\" ><div class='avia_textblock'  itemprop=\"text\" ><h3>QR ambulancia Martin<\/h3>\n<\/div><\/section><br \/>\n\n<style type=\"text\/css\" data-created_by=\"avia_inline_auto\" id=\"style-css-av-ke77z59c-e04570ac0634197cbcc7c5a886f24b2f\">\n.avia-image-container.av-ke77z59c-e04570ac0634197cbcc7c5a886f24b2f img.avia_image{\nbox-shadow:none;\n}\n.avia-image-container.av-ke77z59c-e04570ac0634197cbcc7c5a886f24b2f .av-image-caption-overlay-center{\ncolor:#ffffff;\n}\n<\/style>\n<div  class='avia-image-container av-ke77z59c-e04570ac0634197cbcc7c5a886f24b2f av-styling- avia-align-center  avia-builder-el-7  el_after_av_textblock  el_before_av_textblock '   itemprop=\"image\" itemscope=\"itemscope\" itemtype=\"https:\/\/schema.org\/ImageObject\" ><div class=\"avia-image-container-inner\"><div class=\"avia-image-overlay-wrap\"><img decoding=\"async\" fetchpriority=\"high\" class='wp-image-38 avia-img-lazy-loading-not-38 avia_image ' src=\"https:\/\/www.medman.sk\/wp-content\/uploads\/2020\/08\/qrmartin.png\" alt='' title='qrmartin'  height=\"200\" width=\"200\"  itemprop=\"thumbnailUrl\" srcset=\"https:\/\/www.medman.sk\/wp-content\/uploads\/2020\/08\/qrmartin.png 200w, https:\/\/www.medman.sk\/wp-content\/uploads\/2020\/08\/qrmartin-80x80.png 80w, https:\/\/www.medman.sk\/wp-content\/uploads\/2020\/08\/qrmartin-36x36.png 36w, https:\/\/www.medman.sk\/wp-content\/uploads\/2020\/08\/qrmartin-180x180.png 180w\" sizes=\"(max-width: 200px) 100vw, 200px\" \/><\/div><\/div><\/div><br \/>\n<section  class='av_textblock_section av-ke77xphl-2-48cb1fff9a62d2bc36d7ea4fb10e8421 '   itemscope=\"itemscope\" itemtype=\"https:\/\/schema.org\/CreativeWork\" ><div class='avia_textblock'  itemprop=\"text\" ><h3>QR ambulancia \u010cadca<\/h3>\n<\/div><\/section><br \/>\n\n<style type=\"text\/css\" data-created_by=\"avia_inline_auto\" id=\"style-css-av-ke77z59c-1-e0f091888f9bb187018d588c8514cd01\">\n.avia-image-container.av-ke77z59c-1-e0f091888f9bb187018d588c8514cd01 img.avia_image{\nbox-shadow:none;\n}\n.avia-image-container.av-ke77z59c-1-e0f091888f9bb187018d588c8514cd01 .av-image-caption-overlay-center{\ncolor:#ffffff;\n}\n<\/style>\n<div  class='avia-image-container av-ke77z59c-1-e0f091888f9bb187018d588c8514cd01 av-styling- avia-align-center  avia-builder-el-9  el_after_av_textblock  avia-builder-el-last '   itemprop=\"image\" itemscope=\"itemscope\" itemtype=\"https:\/\/schema.org\/ImageObject\" ><div class=\"avia-image-container-inner\"><div class=\"avia-image-overlay-wrap\"><img decoding=\"async\" fetchpriority=\"high\" class='wp-image-37 avia-img-lazy-loading-not-37 avia_image ' src=\"https:\/\/www.medman.sk\/wp-content\/uploads\/2020\/08\/qrcadca.png\" alt='' title='qrcadca'  height=\"200\" width=\"200\"  itemprop=\"thumbnailUrl\" srcset=\"https:\/\/www.medman.sk\/wp-content\/uploads\/2020\/08\/qrcadca.png 200w, https:\/\/www.medman.sk\/wp-content\/uploads\/2020\/08\/qrcadca-80x80.png 80w, https:\/\/www.medman.sk\/wp-content\/uploads\/2020\/08\/qrcadca-36x36.png 36w, https:\/\/www.medman.sk\/wp-content\/uploads\/2020\/08\/qrcadca-180x180.png 180w\" sizes=\"(max-width: 200px) 100vw, 200px\" \/><\/div><\/div><\/div><\/p><\/div><\/p>\n","protected":false},"excerpt":{"rendered":"","protected":false},"author":1,"featured_media":0,"parent":0,"menu_order":0,"comment_status":"closed","ping_status":"open","template":"","meta":{"footnotes":""},"class_list":["post-2","page","type-page","status-publish","hentry"],"_links":{"self":[{"href":"https:\/\/www.medman.sk\/index.php\/wp-json\/wp\/v2\/pages\/2","targetHints":{"allow":["GET"]}}],"collection":[{"href":"https:\/\/www.medman.sk\/index.php\/wp-json\/wp\/v2\/pages"}],"about":[{"href":"https:\/\/www.medman.sk\/index.php\/wp-json\/wp\/v2\/types\/page"}],"author":[{"embeddable":true,"href":"https:\/\/www.medman.sk\/index.php\/wp-json\/wp\/v2\/users\/1"}],"replies":[{"embeddable":true,"href":"https:\/\/www.medman.sk\/index.php\/wp-json\/wp\/v2\/comments?post=2"}],"version-history":[{"count":19,"href":"https:\/\/www.medman.sk\/index.php\/wp-json\/wp\/v2\/pages\/2\/revisions"}],"predecessor-version":[{"id":226,"href":"https:\/\/www.medman.sk\/index.php\/wp-json\/wp\/v2\/pages\/2\/revisions\/226"}],"wp:attachment":[{"href":"https:\/\/www.medman.sk\/index.php\/wp-json\/wp\/v2\/media?parent=2"}],"curies":[{"name":"wp","href":"https:\/\/api.w.org\/{rel}","templated":true}]}}