{"id":66,"date":"2020-08-23T18:33:18","date_gmt":"2020-08-23T16:33:18","guid":{"rendered":"https:\/\/www.medman.sk\/?page_id=66"},"modified":"2023-02-12T08:14:16","modified_gmt":"2023-02-12T07:14:16","slug":"cennik","status":"publish","type":"page","link":"https:\/\/www.medman.sk\/index.php\/cennik\/","title":{"rendered":"Cenn\u00edk"},"content":{"rendered":"\n<style type=\"text\/css\" data-created_by=\"avia_inline_auto\" id=\"style-css-av-3h2fy-401f0a10015c2fe15a95167022895197\">\n#top .av-special-heading.av-3h2fy-401f0a10015c2fe15a95167022895197{\npadding-bottom:10px;\n}\nbody .av-special-heading.av-3h2fy-401f0a10015c2fe15a95167022895197 .av-special-heading-tag .heading-char{\nfont-size:25px;\n}\n.av-special-heading.av-3h2fy-401f0a10015c2fe15a95167022895197 .av-subheading{\nfont-size:15px;\n}\n<\/style>\n<div  class='av-special-heading av-3h2fy-401f0a10015c2fe15a95167022895197 av-special-heading-h1  avia-builder-el-0  el_before_av_hr  avia-builder-el-first  av-thin-font'><h1 class='av-special-heading-tag '  itemprop=\"headline\"  >Reumatologick\u00e1 ambulancia <strong>Martin, \u010cadca<\/strong>, ambulancia vn\u00fatorn\u00e9ho lek\u00e1rstva Martin<\/h1><div class=\"special-heading-border\"><div class=\"special-heading-inner-border\"><\/div><\/div><\/div>\n<div  class='hr av-dssb6-dec0fe71b9b47c234cad6039411da63b hr-default  avia-builder-el-1  el_after_av_heading  el_before_av_headline_rotator '><span class='hr-inner '><span class=\"hr-inner-style\"><\/span><\/span><\/div>\n\n<style type=\"text\/css\" data-created_by=\"avia_inline_auto\" id=\"style-css-av-ke7av57n-af764787a1c32ffafc9a3d5993c6fc94\">\n#top .av-rotator-container.av-ke7av57n-af764787a1c32ffafc9a3d5993c6fc94{\ntext-align:left;\n}\n<\/style>\n\n<style type=\"text\/css\" data-created_by=\"avia_inline_auto\" id=\"style-css-sub-av-ke7av57n-af764787a1c32ffafc9a3d5993c6fc94\">\n#top .av-rotator-container .av-rotator-text-single.av-dl6jm-8e20124cbdcd79f474410b25e236a983{\ncolor:#b02b2c;\n}\n#top .av-rotator-container .av-rotator-text-single.av-cpabi-c6b3eda853687446be45b6603d4a3313{\ncolor:#eeee22;\n}\n<\/style>\n<div  class='av-rotator-container av-rotation-container-left av-ke7av57n-af764787a1c32ffafc9a3d5993c6fc94  avia-builder-el-2  el_after_av_hr  el_before_av_catalogue  av-after-rotation-text-active' data-interval='5' data-animation='1'><h1 class='av-rotator-container-inner'><span class='av-rotator-text av-rotator-multiline-off'>\n<span class='av-rotator-text-single av-dl6jm-8e20124cbdcd79f474410b25e236a983 av-rotator-text-single-1' >Nezmluvn\u00ed<\/span>\n<span class='av-rotator-text-single av-cpabi-c6b3eda853687446be45b6603d4a3313 av-rotator-text-single-2' >Nezmluvn\u00ed<\/span>\n<\/span>poistenci, vy\u0161etrenia mimo indik\u00e1cie lek\u00e1ra (na vlastn\u00fa \u017eiados\u0165) resp. nezazmluvnen\u00e9 v\u00fdkony<\/h1><\/div>\n<div  class='av-catalogue-container av-ke7b0tqw-cd2dbf20bb865e1d765805956d36165a  avia-builder-el-3  el_after_av_headline_rotator  el_before_av_headline_rotator '><ul class='av-catalogue-list'>\n<li><div class='av-catalogue-item av-2jj1a-67b24a7eb7d50f44f6fbe2aa551fedd3' ><div class=\"av-catalogue-item-inner\"><div class=\"av-catalogue-title-container\"><div class='av-catalogue-title'>Prv\u00e9 komplexn\u00e9 reumatologick\u00e9 alebo intern\u00e9 vy\u0161etrenie<\/div><div class='av-catalogue-price'>\u20ac 80,-<\/div><\/div><div class=\"av-catalogue-content\"><\/div><\/div><\/div><\/li>\n<li><div class='av-catalogue-item av-1zl22-1e5b2a6c83860d18f6f8f8413b3af182' ><div class=\"av-catalogue-item-inner\"><div class=\"av-catalogue-title-container\"><div class='av-catalogue-title'>Druh\u00e9 a \u010fal\u0161ie (kontroln\u00e9 alebo dispenz\u00e1rne) vy\u0161etrenie<\/div><div class='av-catalogue-price'>\u20ac 60,-<\/div><\/div><div class=\"av-catalogue-content\"><\/div><\/div><\/div><\/li>\n<li><div class='av-catalogue-item av-bah2q-e2d04d73902bc2c0a9dbacb9affb3552' ><div class=\"av-catalogue-item-inner\"><div class=\"av-catalogue-title-container\"><div class='av-catalogue-title'>Vyhodnotenie v\u00fdsledkov laborat\u00f3rnych vy\u0161etren\u00ed<\/div><div class='av-catalogue-price'>\u20ac 10,-<\/div><\/div><div class=\"av-catalogue-content\"><\/div><\/div><\/div><\/li>\n<li><div class='av-catalogue-item av-1m846-0e72db619e1b3b68844486000ebca771' ><div class=\"av-catalogue-item-inner\"><div class=\"av-catalogue-title-container\"><div class='av-catalogue-title'>Vyhodnotenie obrazov\u00e9ho z\u00e1znamu z RTG vy\u0161etrenia (1 projekcia, pri viacer\u00fdch projekci\u00e1ch sa suma n\u00e1sob\u00ed po\u010dtom projekci\u00ed (sn\u00edmok))<\/div><div class='av-catalogue-price'>\u20ac 3,-<\/div><\/div><div class=\"av-catalogue-content\"><\/div><\/div><\/div><\/li>\n<li><div class='av-catalogue-item av-1332m-73c6f6bcf5e91b849f8000e64c29bdb5' ><div class=\"av-catalogue-item-inner\"><div class=\"av-catalogue-title-container\"><div class='av-catalogue-title'>Vyhodnotenie obrazov\u00e9ho z\u00e1znamu z CT, HRCT alebo MR vy\u0161etrenia<\/div><div class='av-catalogue-price'>\u20ac 20,-<\/div><\/div><div class=\"av-catalogue-content\"><\/div><\/div><\/div><\/li>\n<li><div class='av-catalogue-item av-8reoi-76dfc4ea81eff78bf02b540266748fe3' ><div class=\"av-catalogue-item-inner\"><div class=\"av-catalogue-title-container\"><div class='av-catalogue-title'>Odber ven\u00f3znej krvi do 1 sk\u00famavky otvoren\u00fdm alebo v\u00e1kuov\u00fdm sp\u00f4sobom<\/div><div class='av-catalogue-price'>\u20ac 5,-<\/div><\/div><div class=\"av-catalogue-content\"><\/div><\/div><\/div><\/li>\n<li><div class='av-catalogue-item av-85rii-e4c702e785556985c2a8a5e8b82c539b' ><div class=\"av-catalogue-item-inner\"><div class=\"av-catalogue-title-container\"><div class='av-catalogue-title'>Odber ven\u00f3znej krvi do 2 a viac sk\u00famaviek otvor. alebo v\u00e1kuov\u00fdm sp\u00f4sobom<\/div><div class='av-catalogue-price'>\u20ac 10,-<\/div><\/div><div class=\"av-catalogue-content\"><\/div><\/div><\/div><\/li>\n<li><div class='av-catalogue-item av-77n1i-ace76cb14891c894d3c03d1f2ecd08c2' ><div class=\"av-catalogue-item-inner\"><div class=\"av-catalogue-title-container\"><div class='av-catalogue-title'>Stanovenie ur\u010den\u00fdch parametrov z biologick\u00e9ho materi\u00e1lu<\/div><div class='av-catalogue-price'><\/div><\/div><div class=\"av-catalogue-content\">\n<a href=\"https:\/\/www.unilabs.sk\/cennik-vysetreni\">pod\u013ea cenn\u00edka zmluvn\u00e9ho laborat\u00f3ria Unilabs Slovensko, s. r. o.\u00a0<\/a><br \/>\n<\/div><\/div><\/div><\/li>\n<\/ul><\/div>\n\n<style type=\"text\/css\" data-created_by=\"avia_inline_auto\" id=\"style-css-av-ke7av57n-af764787a1c32ffafc9a3d5993c6fc94\">\n#top .av-rotator-container.av-ke7av57n-af764787a1c32ffafc9a3d5993c6fc94{\ntext-align:left;\n}\n<\/style>\n\n<style type=\"text\/css\" data-created_by=\"avia_inline_auto\" id=\"style-css-sub-av-ke7av57n-af764787a1c32ffafc9a3d5993c6fc94\">\n#top .av-rotator-container .av-rotator-text-single.av-74j06-223fc898bfdf6e997f44eb080e5ea010{\ncolor:#b02b2c;\n}\n#top .av-rotator-container .av-rotator-text-single.av-6azt6-9b36a27543c7b30c913f84523d737dfc{\ncolor:#eeee22;\n}\n<\/style>\n<div  class='av-rotator-container av-rotation-container-left av-ke7av57n-af764787a1c32ffafc9a3d5993c6fc94  avia-builder-el-4  el_after_av_catalogue  el_before_av_catalogue  av-after-rotation-text-active' data-interval='5' data-animation='1'><h1 class='av-rotator-container-inner'><span class='av-rotator-text av-rotator-multiline-off'>\n<span class='av-rotator-text-single av-74j06-223fc898bfdf6e997f44eb080e5ea010 av-rotator-text-single-1' >V\u0161etci klienti<\/span>\n<span class='av-rotator-text-single av-6azt6-9b36a27543c7b30c913f84523d737dfc av-rotator-text-single-2' >V\u0161etci klienti<\/span>\n<\/span>poistenci, vy\u0161etrenia mimo indik\u00e1cie lek\u00e1ra (na vlastn\u00fa \u017eiados\u0165) resp. nezazmluvnen\u00e9 v\u00fdkony<\/h1><\/div>\n<div  class='av-catalogue-container av-ke7b0tqw-cd2dbf20bb865e1d765805956d36165a  avia-builder-el-5  el_after_av_headline_rotator  avia-builder-el-last '><ul class='av-catalogue-list'>\n<li><div class='av-catalogue-item av-wtri-6fe41627d5bb2529271ec44867e3feb5' ><div class=\"av-catalogue-item-inner\"><div class=\"av-catalogue-title-container\"><div class='av-catalogue-title'>Potvrdenie o o\u0161etren\u00ed pre sprievodcu alebo in\u00fa osobu mimo o\u0161etren\u00e9ho<\/div><div class='av-catalogue-price'>\u20ac 1,-<\/div><\/div><div class=\"av-catalogue-content\"><\/div><\/div><\/div><\/li>\n<li><div class='av-catalogue-item av-5lt92-8b58dc63f90e22b37e36d0f68e821833' ><div class=\"av-catalogue-item-inner\"><div class=\"av-catalogue-title-container\"><div class='av-catalogue-title'>Intern\u00e9 predopera\u010dn\u00e9 vy\u0161etrenie (vy\u0161etrenie + hodnotenie v\u00fdsledkov + EKG s popisom)<\/div><div class='av-catalogue-price'>\u20ac 80,-<\/div><\/div><div class=\"av-catalogue-content\"><\/div><\/div><\/div><\/li>\n<li><div class='av-catalogue-item av-50ybq-eac72078ccceb55a0d52d10cd7d8a83a' ><div class=\"av-catalogue-item-inner\"><div class=\"av-catalogue-title-container\"><div class='av-catalogue-title'>EKG vytla\u010den\u00e9 na termostabiln\u00fd papier vr\u00e1tane popisu<\/div><div class='av-catalogue-price'>\u20ac 15,-<\/div><\/div><div class=\"av-catalogue-content\"><\/div><\/div><\/div><\/li>\n<li><div class='av-catalogue-item av-4o27e-74d827e651e5c522732dfb26485f583b' ><div class=\"av-catalogue-item-inner\"><div class=\"av-catalogue-title-container\"><div class='av-catalogue-title'>Tla\u010divo potvrdenia o o\u0161etren\u00ed<\/div><div class='av-catalogue-price'>\u20ac 0,5,-<\/div><\/div><div class=\"av-catalogue-content\"><\/div><\/div><\/div><\/li>\n<li><div class='av-catalogue-item av-45tvm-81122e5a4788523a0a02c00bfc10cfcb' ><div class=\"av-catalogue-item-inner\"><div class=\"av-catalogue-title-container\"><div class='av-catalogue-title'>Vystavenie overenej k\u00f3pie lek\u00e1rskeho z\u00e1znamu \u2013 1 strana A4, resp. A6 pri lek. predpise<\/div><div class='av-catalogue-price'>\u20ac 1,-<\/div><\/div><div class=\"av-catalogue-content\"><\/div><\/div><\/div><\/li>\n<li><div class='av-catalogue-item av-2b0jy-260a682c27d9a6a4139fd25ce8446e70' ><div class=\"av-catalogue-item-inner\"><div class=\"av-catalogue-title-container\"><div class='av-catalogue-title'>Zmluvn\u00e1 pokuta pri neospravedlnenom (minim\u00e1lne 1 pracovn\u00fd de\u0148 vopred) sa nedostaven\u00ed na objednan\u00fd term\u00edn vy\u0161etrenia (\u010das\u0165 u\u0161l\u00e9ho zisku poskytovate\u013ea)<\/div><div class='av-catalogue-price'>\u20ac 40,-<\/div><\/div><div class=\"av-catalogue-content\"><\/div><\/div><\/div><\/li>\n<li><div class='av-catalogue-item av-3gyl2-adfb791e254eb58ab63f558d093b4c16' ><div class=\"av-catalogue-item-inner\"><div class=\"av-catalogue-title-container\"><div class='av-catalogue-title'>Zabezpe\u010denie odberu, spracovania odberu, transportu materi\u00e1lu a vy\u017eiadania v\u00fdsledkov v de\u0148 vy\u0161etrenia pacienta pri odkladnej zdravotnej starostlivosti<\/div><div class='av-catalogue-price'>\u20ac 5,-<\/div><\/div><div class=\"av-catalogue-content\"><\/div><\/div><\/div><\/li>\n<li><div class='av-catalogue-item av-2b0jy-1f951a9f4463a0989a626871de07c3db' ><div class=\"av-catalogue-item-inner\"><div class=\"av-catalogue-title-container\"><div class='av-catalogue-title'>Vy\u0161etrenie zdravotn\u00e9ho stavu a v\u00fdpis zo zdravotnej dokument\u00e1cie v konan\u00ed o d\u00e1vke soci\u00e1lnej pomoci alebo na \u017eiados\u0165 komer\u010dnej pois\u0165ovne (napr. \u017eivotn\u00e9 alebo \u00farazov\u00e9 poistenie) u dispenzarizovan\u00e9ho pacienta<\/div><div class='av-catalogue-price'>\u20ac 20,-<\/div><\/div><div class=\"av-catalogue-content\"><\/div><\/div><\/div><\/li>\n<li><div class='av-catalogue-item av-1f0uu-844e074f0ff163b8097ff4811fbb29e1' ><div class=\"av-catalogue-item-inner\"><div class=\"av-catalogue-title-container\"><div class='av-catalogue-title'>Vy\u0161etrenie a z\u00e1znam z vy\u0161etrenia v cudzom jazyku (pr\u00edplatok k cene ostatn\u00fdch v\u00fdkonov)<\/div><div class='av-catalogue-price'>\u20ac 20,-<\/div><\/div><div class=\"av-catalogue-content\"><\/div><\/div><\/div><\/li>\n<li><div class='av-catalogue-item av-2x4b6-2983f543d64b9f1282bb3da451072cea' ><div class=\"av-catalogue-item-inner\"><div class=\"av-catalogue-title-container\"><div class='av-catalogue-title'>Zotrvanie lek\u00e1ra v ambulancii, zabezpe\u010denie vstupu a vy\u0161etrenia mimo prev\u00e1dzkov\u00fdch hod\u00edn budovy<\/div><div class='av-catalogue-price'>\u20ac 20,-<\/div><\/div><div class=\"av-catalogue-content\"><\/div><\/div><\/div><\/li>\n<\/ul><\/div>\n","protected":false},"excerpt":{"rendered":"","protected":false},"author":1,"featured_media":0,"parent":0,"menu_order":0,"comment_status":"closed","ping_status":"closed","template":"","meta":{"footnotes":""},"class_list":["post-66","page","type-page","status-publish","hentry"],"_links":{"self":[{"href":"https:\/\/www.medman.sk\/index.php\/wp-json\/wp\/v2\/pages\/66","targetHints":{"allow":["GET"]}}],"collection":[{"href":"https:\/\/www.medman.sk\/index.php\/wp-json\/wp\/v2\/pages"}],"about":[{"href":"https:\/\/www.medman.sk\/index.php\/wp-json\/wp\/v2\/types\/page"}],"author":[{"embeddable":true,"href":"https:\/\/www.medman.sk\/index.php\/wp-json\/wp\/v2\/users\/1"}],"replies":[{"embeddable":true,"href":"https:\/\/www.medman.sk\/index.php\/wp-json\/wp\/v2\/comments?post=66"}],"version-history":[{"count":9,"href":"https:\/\/www.medman.sk\/index.php\/wp-json\/wp\/v2\/pages\/66\/revisions"}],"predecessor-version":[{"id":166,"href":"https:\/\/www.medman.sk\/index.php\/wp-json\/wp\/v2\/pages\/66\/revisions\/166"}],"wp:attachment":[{"href":"https:\/\/www.medman.sk\/index.php\/wp-json\/wp\/v2\/media?parent=66"}],"curies":[{"name":"wp","href":"https:\/\/api.w.org\/{rel}","templated":true}]}}