{"id":76,"date":"2020-08-23T18:43:16","date_gmt":"2020-08-23T16:43:16","guid":{"rendered":"https:\/\/www.medman.sk\/?page_id=76"},"modified":"2023-04-01T16:19:32","modified_gmt":"2023-04-01T14:19:32","slug":"locations","status":"publish","type":"page","link":"https:\/\/www.medman.sk\/index.php\/locations\/","title":{"rendered":"Kde n\u00e1s najdete"},"content":{"rendered":"\n<style type=\"text\/css\" data-created_by=\"avia_inline_auto\" id=\"style-css-av-1rlvg-03077d6793b0c02aba0cc740c24e7e2c\">\n.flex_column.av-1rlvg-03077d6793b0c02aba0cc740c24e7e2c{\nborder-radius:0px 0px 0px 0px;\npadding:0px 0px 0px 0px;\n}\n<\/style>\n<div  class='flex_column av-1rlvg-03077d6793b0c02aba0cc740c24e7e2c av_one_half  avia-builder-el-0  el_before_av_one_half  avia-builder-el-first  first flex_column_div av-zero-column-padding  '     ><p><article  class='iconbox iconbox_left av-ke7bjbkk-f88422cae25b2093b4affde860a1b8fc  avia-builder-el-1  el_before_av_google_map  avia-builder-el-no-sibling '  itemscope=\"itemscope\" itemtype=\"https:\/\/schema.org\/CreativeWork\" ><div class=\"iconbox_content\"><header class=\"entry-content-header\" aria-label=\"Icon: Reumatologick\u00e1 ambulancia Martin\"><div class='iconbox_icon heading-color avia-iconfont avia-font-entypo-fontello' data-av_icon='\ue871' data-av_iconfont='entypo-fontello'  ><\/div><h3 class='iconbox_content_title '  itemprop=\"headline\" >Reumatologick\u00e1 ambulancia Martin<\/h3><\/header><div class='iconbox_content_container '  itemprop=\"text\" ><p>Thurzova 437\/15<\/p>\n<p>036 01 Martin<\/p>\n<ul>\n<li>Severn\u00e9 centrum mesta martin, bl\u00edzko Polikliniky I, rodinn\u00fd dom na kri\u017eovatke s ulicou Ambra Pietra, pre pr\u00edjazde autom nezabudn\u00fa\u0165, \u017ee ide o jednosmern\u00fa ulicu , 10 min\u00fat od vlakovej a autobusovej stanice, 2 min\u00faty od z\u00e1stavky MHD (\u00d3UNZ)<\/li>\n<\/ul>\n<\/div><\/div><footer class=\"entry-footer\"><\/footer><\/article><br \/>\n<div  class='av_gmaps_sc_main_wrap av_gmaps_main_wrap '><div id='av_gmap_0' class='avia-google-map-container avia-google-map-sc av_gmaps_show_unconditionally av-no-fallback-img ' data-mapid='av_gmap_0'  style='height: 400px;'><a class=\"av_gmaps_browser_disabled av_text_confirm_link av_text_confirm_link_visible\" href=\"https:\/\/www.google.com\/maps\/search\/?api=1&#038;query=Thurzova%20437\/15%2003601%20Martin%20Slovakia%20Slovensko\" target=\"_blank\">Maps were disabled by the visitor on this site. Click to open the map in a new window.<\/a><\/div><\/div><\/p><\/div>\n\n<style type=\"text\/css\" data-created_by=\"avia_inline_auto\" id=\"style-css-av-13vjw-9543f00b2221a00b295ad3ee5bec1ec0\">\n.flex_column.av-13vjw-9543f00b2221a00b295ad3ee5bec1ec0{\nborder-radius:0px 0px 0px 0px;\npadding:0px 0px 0px 0px;\n}\n<\/style>\n<div  class='flex_column av-13vjw-9543f00b2221a00b295ad3ee5bec1ec0 av_one_half  avia-builder-el-3  el_after_av_one_half  el_before_av_masonry_gallery  avia-builder-el-last  flex_column_div av-zero-column-padding  '     ><p><article  class='iconbox iconbox_left av-ke7bjbkk-a3d2d762cd291b491bdf7a57ec19f8d5  avia-builder-el-4  el_before_av_google_map  avia-builder-el-no-sibling '  itemscope=\"itemscope\" itemtype=\"https:\/\/schema.org\/CreativeWork\" ><div class=\"iconbox_content\"><header class=\"entry-content-header\" aria-label=\"Icon: Reumatologick\u00e1 ambulancia \u010cadca\"><div class='iconbox_icon heading-color avia-iconfont avia-font-entypo-fontello' data-av_icon='\ue871' data-av_iconfont='entypo-fontello'  ><\/div><h3 class='iconbox_content_title '  itemprop=\"headline\" >Reumatologick\u00e1 ambulancia \u010cadca<\/h3><\/header><div class='iconbox_content_container '  itemprop=\"text\" ><p>A. Hlinku 28\/4<\/p>\n<p>022 01 \u00a0\u010cadca<\/p>\n<ul>\n<li>OC Trinity, ved\u013ea mestsk\u00e9ho \u00faradu a kostola sv. Bartolomeja; pr\u00edzemie v\u013eavo; v pr\u00edpade z\u00e1ujmu o pou\u017eitie plo\u0161iny n\u00e1s predt\u00fdm kontaktujte telefonicky<\/li>\n<\/ul>\n<\/div><\/div><footer class=\"entry-footer\"><\/footer><\/article><br \/>\n<div  class='av_gmaps_sc_main_wrap av_gmaps_main_wrap '><div id='av_gmap_1' class='avia-google-map-container avia-google-map-sc av_gmaps_show_unconditionally av-no-fallback-img ' data-mapid='av_gmap_1'  style='height: 400px;'><a class=\"av_gmaps_browser_disabled av_text_confirm_link av_text_confirm_link_visible\" href=\"https:\/\/www.google.com\/maps\/search\/?api=1&#038;query=Andreja%20Hlinku%2028%20022%2001%20\u010cadca%20%20Slovakia\" target=\"_blank\">Maps were disabled by the visitor on this site. Click to open the map in a new window.<\/a><\/div><\/div><\/p><\/div><div id='av-masonry-1' class='av-masonry av-ke7hkwsh-6f209e6e6ede4411e4d2e1f9c02b5e19 noHover av-flex-size av-large-gap av-hover-overlay-active av-masonry-animation-active av-masonry-col-flexible av-caption-always av-caption-style- av-masonry-gallery ' data-post_id=\"76\"><div class=\"av-masonry-container isotope av-js-disabled\"><div class='av-masonry-entry isotope-item av-masonry-item-no-image '><\/div><a href=\"https:\/\/www.medman.sk\/wp-content\/uploads\/2020\/08\/20171002_150613-773x1030-1.jpg\" data-srcset=\"https:\/\/www.medman.sk\/wp-content\/uploads\/2020\/08\/20171002_150613-773x1030-1.jpg 773w, https:\/\/www.medman.sk\/wp-content\/uploads\/2020\/08\/20171002_150613-773x1030-1-225x300.jpg 225w, https:\/\/www.medman.sk\/wp-content\/uploads\/2020\/08\/20171002_150613-773x1030-1-768x1023.jpg 768w, https:\/\/www.medman.sk\/wp-content\/uploads\/2020\/08\/20171002_150613-773x1030-1-529x705.jpg 529w\" data-sizes=\"(max-width: 773px) 100vw, 773px\"  aria-label=\"image 20171002_150613-773&#215;1030\"  id='av-masonry-1-item-20' data-av-masonry-item='20' class='av-masonry-entry isotope-item post-20 attachment type-attachment status-inherit hentry  av-masonry-item-with-image' title=\"20171002_150613-773&#215;1030\" alt=\"\"    itemprop=\"thumbnailUrl\" ><div class='av-inner-masonry-sizer'><\/div><figure class='av-inner-masonry main_color'><div class=\"av-masonry-outerimage-container\"><div class='av-masonry-image-container'  ><img decoding=\"async\" width=\"529\" height=\"705\" fetchpriority=\"high\" class=\"wp-image-20 avia-img-lazy-loading-not-20\"  src=\"https:\/\/www.medman.sk\/wp-content\/uploads\/2020\/08\/20171002_150613-773x1030-1-529x705.jpg\" title=\"20171002_150613-773&#215;1030\" alt=\"\" srcset=\"https:\/\/www.medman.sk\/wp-content\/uploads\/2020\/08\/20171002_150613-773x1030-1-529x705.jpg 529w, https:\/\/www.medman.sk\/wp-content\/uploads\/2020\/08\/20171002_150613-773x1030-1-225x300.jpg 225w, https:\/\/www.medman.sk\/wp-content\/uploads\/2020\/08\/20171002_150613-773x1030-1-768x1023.jpg 768w, https:\/\/www.medman.sk\/wp-content\/uploads\/2020\/08\/20171002_150613-773x1030-1.jpg 773w\" sizes=\"(max-width: 529px) 100vw, 529px\" \/><\/div><\/div><\/figure><\/a><!--end av-masonry entry--><a href=\"https:\/\/www.medman.sk\/wp-content\/uploads\/2020\/08\/20171002_150550-1030x773-1.jpg\" data-srcset=\"https:\/\/www.medman.sk\/wp-content\/uploads\/2020\/08\/20171002_150550-1030x773-1.jpg 1030w, https:\/\/www.medman.sk\/wp-content\/uploads\/2020\/08\/20171002_150550-1030x773-1-300x225.jpg 300w, https:\/\/www.medman.sk\/wp-content\/uploads\/2020\/08\/20171002_150550-1030x773-1-768x576.jpg 768w, https:\/\/www.medman.sk\/wp-content\/uploads\/2020\/08\/20171002_150550-1030x773-1-705x529.jpg 705w\" data-sizes=\"(max-width: 1030px) 100vw, 1030px\"  aria-label=\"image 20171002_150550-1030&#215;773\"  id='av-masonry-1-item-19' data-av-masonry-item='19' class='av-masonry-entry isotope-item post-19 attachment type-attachment status-inherit hentry  av-masonry-item-with-image' title=\"20171002_150550-1030&#215;773\" alt=\"\"    itemprop=\"thumbnailUrl\" ><div class='av-inner-masonry-sizer'><\/div><figure class='av-inner-masonry main_color'><div class=\"av-masonry-outerimage-container\"><div class='av-masonry-image-container'  ><img decoding=\"async\" width=\"705\" height=\"529\" fetchpriority=\"high\" class=\"wp-image-19 avia-img-lazy-loading-not-19\"  src=\"https:\/\/www.medman.sk\/wp-content\/uploads\/2020\/08\/20171002_150550-1030x773-1-705x529.jpg\" title=\"20171002_150550-1030&#215;773\" alt=\"\" srcset=\"https:\/\/www.medman.sk\/wp-content\/uploads\/2020\/08\/20171002_150550-1030x773-1-705x529.jpg 705w, https:\/\/www.medman.sk\/wp-content\/uploads\/2020\/08\/20171002_150550-1030x773-1-300x225.jpg 300w, https:\/\/www.medman.sk\/wp-content\/uploads\/2020\/08\/20171002_150550-1030x773-1-768x576.jpg 768w, https:\/\/www.medman.sk\/wp-content\/uploads\/2020\/08\/20171002_150550-1030x773-1.jpg 1030w\" sizes=\"(max-width: 705px) 100vw, 705px\" \/><\/div><\/div><\/figure><\/a><!--end av-masonry entry--><a href=\"https:\/\/www.medman.sk\/wp-content\/uploads\/2020\/08\/20171002_150516-1030x773-1.jpg\" data-srcset=\"https:\/\/www.medman.sk\/wp-content\/uploads\/2020\/08\/20171002_150516-1030x773-1.jpg 1030w, https:\/\/www.medman.sk\/wp-content\/uploads\/2020\/08\/20171002_150516-1030x773-1-300x225.jpg 300w, https:\/\/www.medman.sk\/wp-content\/uploads\/2020\/08\/20171002_150516-1030x773-1-768x576.jpg 768w, https:\/\/www.medman.sk\/wp-content\/uploads\/2020\/08\/20171002_150516-1030x773-1-705x529.jpg 705w\" data-sizes=\"(max-width: 1030px) 100vw, 1030px\"  aria-label=\"image 20171002_150516-1030&#215;773\"  id='av-masonry-1-item-18' data-av-masonry-item='18' class='av-masonry-entry isotope-item post-18 attachment type-attachment status-inherit hentry  av-masonry-item-with-image' title=\"20171002_150516-1030&#215;773\" alt=\"\"    itemprop=\"thumbnailUrl\" ><div class='av-inner-masonry-sizer'><\/div><figure class='av-inner-masonry main_color'><div class=\"av-masonry-outerimage-container\"><div class='av-masonry-image-container'  ><img decoding=\"async\" width=\"705\" height=\"529\" fetchpriority=\"high\" class=\"wp-image-18 avia-img-lazy-loading-not-18\"  src=\"https:\/\/www.medman.sk\/wp-content\/uploads\/2020\/08\/20171002_150516-1030x773-1-705x529.jpg\" title=\"20171002_150516-1030&#215;773\" alt=\"\" srcset=\"https:\/\/www.medman.sk\/wp-content\/uploads\/2020\/08\/20171002_150516-1030x773-1-705x529.jpg 705w, https:\/\/www.medman.sk\/wp-content\/uploads\/2020\/08\/20171002_150516-1030x773-1-300x225.jpg 300w, https:\/\/www.medman.sk\/wp-content\/uploads\/2020\/08\/20171002_150516-1030x773-1-768x576.jpg 768w, https:\/\/www.medman.sk\/wp-content\/uploads\/2020\/08\/20171002_150516-1030x773-1.jpg 1030w\" sizes=\"(max-width: 705px) 100vw, 705px\" \/><\/div><\/div><\/figure><\/a><!--end av-masonry entry--><a href=\"https:\/\/www.medman.sk\/wp-content\/uploads\/2020\/08\/20171002_115742-1030x773-1.jpg\" data-srcset=\"https:\/\/www.medman.sk\/wp-content\/uploads\/2020\/08\/20171002_115742-1030x773-1.jpg 1030w, https:\/\/www.medman.sk\/wp-content\/uploads\/2020\/08\/20171002_115742-1030x773-1-300x225.jpg 300w, https:\/\/www.medman.sk\/wp-content\/uploads\/2020\/08\/20171002_115742-1030x773-1-768x576.jpg 768w, https:\/\/www.medman.sk\/wp-content\/uploads\/2020\/08\/20171002_115742-1030x773-1-705x529.jpg 705w\" data-sizes=\"(max-width: 1030px) 100vw, 1030px\"  aria-label=\"image 20171002_115742-1030&#215;773\"  id='av-masonry-1-item-16' data-av-masonry-item='16' class='av-masonry-entry isotope-item post-16 attachment type-attachment status-inherit hentry  av-masonry-item-with-image' title=\"20171002_115742-1030&#215;773\" alt=\"\"    itemprop=\"thumbnailUrl\" ><div class='av-inner-masonry-sizer'><\/div><figure class='av-inner-masonry main_color'><div class=\"av-masonry-outerimage-container\"><div class='av-masonry-image-container'  ><img decoding=\"async\" width=\"705\" height=\"529\" fetchpriority=\"high\" class=\"wp-image-16 avia-img-lazy-loading-not-16\"  src=\"https:\/\/www.medman.sk\/wp-content\/uploads\/2020\/08\/20171002_115742-1030x773-1-705x529.jpg\" title=\"20171002_115742-1030&#215;773\" alt=\"\" srcset=\"https:\/\/www.medman.sk\/wp-content\/uploads\/2020\/08\/20171002_115742-1030x773-1-705x529.jpg 705w, https:\/\/www.medman.sk\/wp-content\/uploads\/2020\/08\/20171002_115742-1030x773-1-300x225.jpg 300w, https:\/\/www.medman.sk\/wp-content\/uploads\/2020\/08\/20171002_115742-1030x773-1-768x576.jpg 768w, https:\/\/www.medman.sk\/wp-content\/uploads\/2020\/08\/20171002_115742-1030x773-1.jpg 1030w\" sizes=\"(max-width: 705px) 100vw, 705px\" \/><\/div><\/div><\/figure><\/a><!--end av-masonry entry--><a href=\"https:\/\/www.medman.sk\/wp-content\/uploads\/2020\/08\/20171002_150459-1030x773-1.jpg\" data-srcset=\"https:\/\/www.medman.sk\/wp-content\/uploads\/2020\/08\/20171002_150459-1030x773-1.jpg 1030w, https:\/\/www.medman.sk\/wp-content\/uploads\/2020\/08\/20171002_150459-1030x773-1-300x225.jpg 300w, https:\/\/www.medman.sk\/wp-content\/uploads\/2020\/08\/20171002_150459-1030x773-1-768x576.jpg 768w, https:\/\/www.medman.sk\/wp-content\/uploads\/2020\/08\/20171002_150459-1030x773-1-705x529.jpg 705w\" data-sizes=\"(max-width: 1030px) 100vw, 1030px\"  aria-label=\"image 20171002_150459-1030&#215;773\"  id='av-masonry-1-item-17' data-av-masonry-item='17' class='av-masonry-entry isotope-item post-17 attachment type-attachment status-inherit hentry  av-masonry-item-with-image' title=\"20171002_150459-1030&#215;773\" alt=\"\"    itemprop=\"thumbnailUrl\" ><div class='av-inner-masonry-sizer'><\/div><figure class='av-inner-masonry main_color'><div class=\"av-masonry-outerimage-container\"><div class='av-masonry-image-container'  ><img decoding=\"async\" width=\"705\" height=\"529\" fetchpriority=\"high\" class=\"wp-image-17 avia-img-lazy-loading-not-17\"  src=\"https:\/\/www.medman.sk\/wp-content\/uploads\/2020\/08\/20171002_150459-1030x773-1-705x529.jpg\" title=\"20171002_150459-1030&#215;773\" alt=\"\" srcset=\"https:\/\/www.medman.sk\/wp-content\/uploads\/2020\/08\/20171002_150459-1030x773-1-705x529.jpg 705w, https:\/\/www.medman.sk\/wp-content\/uploads\/2020\/08\/20171002_150459-1030x773-1-300x225.jpg 300w, https:\/\/www.medman.sk\/wp-content\/uploads\/2020\/08\/20171002_150459-1030x773-1-768x576.jpg 768w, https:\/\/www.medman.sk\/wp-content\/uploads\/2020\/08\/20171002_150459-1030x773-1.jpg 1030w\" sizes=\"(max-width: 705px) 100vw, 705px\" \/><\/div><\/div><\/figure><\/a><!--end av-masonry entry--><a href=\"https:\/\/www.medman.sk\/wp-content\/uploads\/2023\/04\/20230327_161521-1030x773.jpg\" data-srcset=\"https:\/\/www.medman.sk\/wp-content\/uploads\/2023\/04\/20230327_161521-1030x773.jpg 1030w, https:\/\/www.medman.sk\/wp-content\/uploads\/2023\/04\/20230327_161521-300x225.jpg 300w, https:\/\/www.medman.sk\/wp-content\/uploads\/2023\/04\/20230327_161521-768x576.jpg 768w, https:\/\/www.medman.sk\/wp-content\/uploads\/2023\/04\/20230327_161521-1536x1152.jpg 1536w, https:\/\/www.medman.sk\/wp-content\/uploads\/2023\/04\/20230327_161521-2048x1536.jpg 2048w, https:\/\/www.medman.sk\/wp-content\/uploads\/2023\/04\/20230327_161521-1500x1125.jpg 1500w, https:\/\/www.medman.sk\/wp-content\/uploads\/2023\/04\/20230327_161521-705x529.jpg 705w\" data-sizes=\"(max-width: 1030px) 100vw, 1030px\"  aria-label=\"image 20230327_161521\"  id='av-masonry-1-item-208' data-av-masonry-item='208' class='av-masonry-entry isotope-item post-208 attachment type-attachment status-inherit hentry  av-masonry-item-with-image' title=\"20230327_161521\" alt=\"\"    itemprop=\"thumbnailUrl\" ><div class='av-inner-masonry-sizer'><\/div><figure class='av-inner-masonry main_color'><div class=\"av-masonry-outerimage-container\"><div class='av-masonry-image-container'  ><img decoding=\"async\" width=\"705\" height=\"529\" fetchpriority=\"high\" class=\"wp-image-208 avia-img-lazy-loading-not-208\"  src=\"https:\/\/www.medman.sk\/wp-content\/uploads\/2023\/04\/20230327_161521-705x529.jpg\" title=\"20230327_161521\" alt=\"\" srcset=\"https:\/\/www.medman.sk\/wp-content\/uploads\/2023\/04\/20230327_161521-705x529.jpg 705w, https:\/\/www.medman.sk\/wp-content\/uploads\/2023\/04\/20230327_161521-300x225.jpg 300w, https:\/\/www.medman.sk\/wp-content\/uploads\/2023\/04\/20230327_161521-1030x773.jpg 1030w, https:\/\/www.medman.sk\/wp-content\/uploads\/2023\/04\/20230327_161521-768x576.jpg 768w, https:\/\/www.medman.sk\/wp-content\/uploads\/2023\/04\/20230327_161521-1536x1152.jpg 1536w, https:\/\/www.medman.sk\/wp-content\/uploads\/2023\/04\/20230327_161521-2048x1536.jpg 2048w, https:\/\/www.medman.sk\/wp-content\/uploads\/2023\/04\/20230327_161521-1500x1125.jpg 1500w\" sizes=\"(max-width: 705px) 100vw, 705px\" \/><\/div><\/div><\/figure><\/a><!--end av-masonry entry--><a href=\"https:\/\/www.medman.sk\/wp-content\/uploads\/2023\/04\/20230327_161528-773x1030.jpg\" data-srcset=\"https:\/\/www.medman.sk\/wp-content\/uploads\/2023\/04\/20230327_161528-773x1030.jpg 773w, https:\/\/www.medman.sk\/wp-content\/uploads\/2023\/04\/20230327_161528-225x300.jpg 225w, https:\/\/www.medman.sk\/wp-content\/uploads\/2023\/04\/20230327_161528-768x1024.jpg 768w, https:\/\/www.medman.sk\/wp-content\/uploads\/2023\/04\/20230327_161528-1152x1536.jpg 1152w, https:\/\/www.medman.sk\/wp-content\/uploads\/2023\/04\/20230327_161528-1536x2048.jpg 1536w, https:\/\/www.medman.sk\/wp-content\/uploads\/2023\/04\/20230327_161528-1125x1500.jpg 1125w, https:\/\/www.medman.sk\/wp-content\/uploads\/2023\/04\/20230327_161528-529x705.jpg 529w, https:\/\/www.medman.sk\/wp-content\/uploads\/2023\/04\/20230327_161528-scaled.jpg 1920w\" data-sizes=\"(max-width: 773px) 100vw, 773px\"  aria-label=\"image 20230327_161528\"  id='av-masonry-1-item-207' data-av-masonry-item='207' class='av-masonry-entry isotope-item post-207 attachment type-attachment status-inherit hentry  av-masonry-item-with-image' title=\"20230327_161528\" alt=\"\"    itemprop=\"thumbnailUrl\" ><div class='av-inner-masonry-sizer'><\/div><figure class='av-inner-masonry main_color'><div class=\"av-masonry-outerimage-container\"><div class='av-masonry-image-container'  ><img decoding=\"async\" width=\"529\" height=\"705\" fetchpriority=\"high\" class=\"wp-image-207 avia-img-lazy-loading-not-207\"  src=\"https:\/\/www.medman.sk\/wp-content\/uploads\/2023\/04\/20230327_161528-529x705.jpg\" title=\"20230327_161528\" alt=\"\" srcset=\"https:\/\/www.medman.sk\/wp-content\/uploads\/2023\/04\/20230327_161528-529x705.jpg 529w, https:\/\/www.medman.sk\/wp-content\/uploads\/2023\/04\/20230327_161528-225x300.jpg 225w, https:\/\/www.medman.sk\/wp-content\/uploads\/2023\/04\/20230327_161528-773x1030.jpg 773w, https:\/\/www.medman.sk\/wp-content\/uploads\/2023\/04\/20230327_161528-768x1024.jpg 768w, https:\/\/www.medman.sk\/wp-content\/uploads\/2023\/04\/20230327_161528-1152x1536.jpg 1152w, https:\/\/www.medman.sk\/wp-content\/uploads\/2023\/04\/20230327_161528-1536x2048.jpg 1536w, https:\/\/www.medman.sk\/wp-content\/uploads\/2023\/04\/20230327_161528-1125x1500.jpg 1125w, https:\/\/www.medman.sk\/wp-content\/uploads\/2023\/04\/20230327_161528-scaled.jpg 1920w\" sizes=\"(max-width: 529px) 100vw, 529px\" \/><\/div><\/div><\/figure><\/a><!--end av-masonry entry--><a href=\"https:\/\/www.medman.sk\/wp-content\/uploads\/2023\/04\/20230328_163148-1030x773.jpg\" data-srcset=\"https:\/\/www.medman.sk\/wp-content\/uploads\/2023\/04\/20230328_163148-1030x773.jpg 1030w, https:\/\/www.medman.sk\/wp-content\/uploads\/2023\/04\/20230328_163148-300x225.jpg 300w, https:\/\/www.medman.sk\/wp-content\/uploads\/2023\/04\/20230328_163148-768x576.jpg 768w, https:\/\/www.medman.sk\/wp-content\/uploads\/2023\/04\/20230328_163148-1536x1152.jpg 1536w, https:\/\/www.medman.sk\/wp-content\/uploads\/2023\/04\/20230328_163148-2048x1536.jpg 2048w, https:\/\/www.medman.sk\/wp-content\/uploads\/2023\/04\/20230328_163148-1500x1125.jpg 1500w, https:\/\/www.medman.sk\/wp-content\/uploads\/2023\/04\/20230328_163148-705x529.jpg 705w\" data-sizes=\"(max-width: 1030px) 100vw, 1030px\"  aria-label=\"image 20230328_163148\"  id='av-masonry-1-item-206' data-av-masonry-item='206' class='av-masonry-entry isotope-item post-206 attachment type-attachment status-inherit hentry  av-masonry-item-with-image' title=\"20230328_163148\" alt=\"\"    itemprop=\"thumbnailUrl\" ><div class='av-inner-masonry-sizer'><\/div><figure class='av-inner-masonry main_color'><div class=\"av-masonry-outerimage-container\"><div class='av-masonry-image-container'  ><img decoding=\"async\" width=\"705\" height=\"529\" fetchpriority=\"high\" class=\"wp-image-206 avia-img-lazy-loading-not-206\"  src=\"https:\/\/www.medman.sk\/wp-content\/uploads\/2023\/04\/20230328_163148-705x529.jpg\" title=\"20230328_163148\" alt=\"\" srcset=\"https:\/\/www.medman.sk\/wp-content\/uploads\/2023\/04\/20230328_163148-705x529.jpg 705w, https:\/\/www.medman.sk\/wp-content\/uploads\/2023\/04\/20230328_163148-300x225.jpg 300w, https:\/\/www.medman.sk\/wp-content\/uploads\/2023\/04\/20230328_163148-1030x773.jpg 1030w, https:\/\/www.medman.sk\/wp-content\/uploads\/2023\/04\/20230328_163148-768x576.jpg 768w, https:\/\/www.medman.sk\/wp-content\/uploads\/2023\/04\/20230328_163148-1536x1152.jpg 1536w, https:\/\/www.medman.sk\/wp-content\/uploads\/2023\/04\/20230328_163148-2048x1536.jpg 2048w, https:\/\/www.medman.sk\/wp-content\/uploads\/2023\/04\/20230328_163148-1500x1125.jpg 1500w\" sizes=\"(max-width: 705px) 100vw, 705px\" \/><\/div><\/div><\/figure><\/a><!--end av-masonry entry--><\/div><\/div><\/p>\n","protected":false},"excerpt":{"rendered":"","protected":false},"author":1,"featured_media":0,"parent":0,"menu_order":0,"comment_status":"closed","ping_status":"closed","template":"","meta":{"footnotes":""},"class_list":["post-76","page","type-page","status-publish","hentry"],"_links":{"self":[{"href":"https:\/\/www.medman.sk\/index.php\/wp-json\/wp\/v2\/pages\/76","targetHints":{"allow":["GET"]}}],"collection":[{"href":"https:\/\/www.medman.sk\/index.php\/wp-json\/wp\/v2\/pages"}],"about":[{"href":"https:\/\/www.medman.sk\/index.php\/wp-json\/wp\/v2\/types\/page"}],"author":[{"embeddable":true,"href":"https:\/\/www.medman.sk\/index.php\/wp-json\/wp\/v2\/users\/1"}],"replies":[{"embeddable":true,"href":"https:\/\/www.medman.sk\/index.php\/wp-json\/wp\/v2\/comments?post=76"}],"version-history":[{"count":10,"href":"https:\/\/www.medman.sk\/index.php\/wp-json\/wp\/v2\/pages\/76\/revisions"}],"predecessor-version":[{"id":210,"href":"https:\/\/www.medman.sk\/index.php\/wp-json\/wp\/v2\/pages\/76\/revisions\/210"}],"wp:attachment":[{"href":"https:\/\/www.medman.sk\/index.php\/wp-json\/wp\/v2\/media?parent=76"}],"curies":[{"name":"wp","href":"https:\/\/api.w.org\/{rel}","templated":true}]}}