{"id":86,"date":"2020-08-23T19:06:11","date_gmt":"2020-08-23T17:06:11","guid":{"rendered":"https:\/\/www.medman.sk\/?page_id=86"},"modified":"2023-04-20T20:25:53","modified_gmt":"2023-04-20T18:25:53","slug":"hours","status":"publish","type":"page","link":"https:\/\/www.medman.sk\/index.php\/hours\/","title":{"rendered":"Ordina\u010dn\u00e9 hodiny"},"content":{"rendered":"\n<style type=\"text\/css\" data-created_by=\"avia_inline_auto\" id=\"style-css-av-ke7cc8za-a08d4de09a88e5d2b16286be10a26803\">\n#top .av-special-heading.av-ke7cc8za-a08d4de09a88e5d2b16286be10a26803{\npadding-bottom:10px;\n}\nbody .av-special-heading.av-ke7cc8za-a08d4de09a88e5d2b16286be10a26803 .av-special-heading-tag .heading-char{\nfont-size:25px;\n}\n.av-special-heading.av-ke7cc8za-a08d4de09a88e5d2b16286be10a26803 .av-subheading{\nfont-size:15px;\n}\n<\/style>\n<div  class='av-special-heading av-ke7cc8za-a08d4de09a88e5d2b16286be10a26803 av-special-heading-h3  avia-builder-el-0  el_before_av_catalogue  avia-builder-el-first '><h3 class='av-special-heading-tag '  itemprop=\"headline\"  >Reumatologick\u00e1 ambulancia Martin<\/h3><div class=\"special-heading-border\"><div class=\"special-heading-inner-border\"><\/div><\/div><\/div>\n<div  class='av-catalogue-container av-ke7cdjpo-950b5acd13bbc1d0621b6a56f094889d  avia-builder-el-1  el_after_av_heading  el_before_av_heading '><ul class='av-catalogue-list'>\n<li><div class='av-catalogue-item av-43euu-d9b155f24da188078189d559e8a773ba' ><div class=\"av-catalogue-item-inner\"><div class=\"av-catalogue-title-container\"><div class='av-catalogue-title'>Odbery biologick\u00e9ho materi\u00e1lu<\/div><div class='av-catalogue-price'>7.00 - 8.00<\/div><\/div><div class=\"av-catalogue-content\"><\/div><\/div><\/div><\/li>\n<li><div class='av-catalogue-item av-3kaw6-f5caf0ae42dbf477240446ff62a1ea23' ><div class=\"av-catalogue-item-inner\"><div class=\"av-catalogue-title-container\"><div class='av-catalogue-title'>Vy\u0161etrenia pacientov<\/div><div class='av-catalogue-price'>8.00 - 12.00<\/div><\/div><div class=\"av-catalogue-content\"><\/div><\/div><\/div><\/li>\n<li><div class='av-catalogue-item av-2x76i-5105c1c6d86f7fb75dc5ceb52038a377' ><div class=\"av-catalogue-item-inner\"><div class=\"av-catalogue-title-container\"><div class='av-catalogue-title'>Administrat\u00edva, upratovanie priestorov, n\u00e1v\u0161tevn\u00e1 slu\u017eba<\/div><div class='av-catalogue-price'>12.00 - 15.00<\/div><\/div><div class=\"av-catalogue-content\"><\/div><\/div><\/div><\/li>\n<\/ul><\/div>\n\n<style type=\"text\/css\" data-created_by=\"avia_inline_auto\" id=\"style-css-av-ke7cc8za-6cde74fbb06d25cb476aa6419b0532c1\">\n#top .av-special-heading.av-ke7cc8za-6cde74fbb06d25cb476aa6419b0532c1{\npadding-bottom:10px;\n}\nbody .av-special-heading.av-ke7cc8za-6cde74fbb06d25cb476aa6419b0532c1 .av-special-heading-tag .heading-char{\nfont-size:25px;\n}\n.av-special-heading.av-ke7cc8za-6cde74fbb06d25cb476aa6419b0532c1 .av-subheading{\nfont-size:15px;\n}\n<\/style>\n<div  class='av-special-heading av-ke7cc8za-6cde74fbb06d25cb476aa6419b0532c1 av-special-heading-h3  avia-builder-el-2  el_after_av_catalogue  el_before_av_catalogue '><h3 class='av-special-heading-tag '  itemprop=\"headline\"  >Reumatologick\u00e1 ambulancia \u010cadca<\/h3><div class=\"special-heading-border\"><div class=\"special-heading-inner-border\"><\/div><\/div><\/div>\n<div  class='av-catalogue-container av-ke7cdjpo-673d2340314ad4c919af8b46db7cb87b  avia-builder-el-3  el_after_av_heading  avia-builder-el-last '><ul class='av-catalogue-list'>\n<li><div class='av-catalogue-item av-p2dq-51c86ea42e04d2003d81d4bfb26da145' ><div class=\"av-catalogue-item-inner\"><div class=\"av-catalogue-title-container\"><div class='av-catalogue-title'>Dezinfekcia priestorov<\/div><div class='av-catalogue-price'>7.00 - 8.00<\/div><\/div><div class=\"av-catalogue-content\"><\/div><\/div><\/div><\/li>\n<li><div class='av-catalogue-item av-1vrhu-7395b7c951bb652fe6bf36df8d6ecdd6' ><div class=\"av-catalogue-item-inner\"><div class=\"av-catalogue-title-container\"><div class='av-catalogue-title'>Odbery biologick\u00e9ho materi\u00e1lu<\/div><div class='av-catalogue-price'>8.00 - 10.00<\/div><\/div><div class=\"av-catalogue-content\"><\/div><\/div><\/div><\/li>\n<li><div class='av-catalogue-item av-1cujy-165eda36ec4c2c3a2c8020143e695609' ><div class=\"av-catalogue-item-inner\"><div class=\"av-catalogue-title-container\"><div class='av-catalogue-title'>Vy\u0161etrenia pacientov<\/div><div class='av-catalogue-price'>8.00 - 12.00<\/div><\/div><div class=\"av-catalogue-content\"><\/div><\/div><\/div><\/li>\n<li><div class='av-catalogue-item av-p2dq-b71e8b925505681bc6f624953adbcc03' ><div class=\"av-catalogue-item-inner\"><div class=\"av-catalogue-title-container\"><div class='av-catalogue-title'>Administrat\u00edva, upratovanie priestorov, n\u00e1v\u0161tevn\u00e1 slu\u017eba<\/div><div class='av-catalogue-price'>12.00 - 15.00<\/div><\/div><div class=\"av-catalogue-content\"><\/div><\/div><\/div><\/li>\n<\/ul><\/div>\n","protected":false},"excerpt":{"rendered":"","protected":false},"author":1,"featured_media":0,"parent":0,"menu_order":0,"comment_status":"closed","ping_status":"closed","template":"","meta":{"footnotes":""},"class_list":["post-86","page","type-page","status-publish","hentry"],"_links":{"self":[{"href":"https:\/\/www.medman.sk\/index.php\/wp-json\/wp\/v2\/pages\/86","targetHints":{"allow":["GET"]}}],"collection":[{"href":"https:\/\/www.medman.sk\/index.php\/wp-json\/wp\/v2\/pages"}],"about":[{"href":"https:\/\/www.medman.sk\/index.php\/wp-json\/wp\/v2\/types\/page"}],"author":[{"embeddable":true,"href":"https:\/\/www.medman.sk\/index.php\/wp-json\/wp\/v2\/users\/1"}],"replies":[{"embeddable":true,"href":"https:\/\/www.medman.sk\/index.php\/wp-json\/wp\/v2\/comments?post=86"}],"version-history":[{"count":3,"href":"https:\/\/www.medman.sk\/index.php\/wp-json\/wp\/v2\/pages\/86\/revisions"}],"predecessor-version":[{"id":214,"href":"https:\/\/www.medman.sk\/index.php\/wp-json\/wp\/v2\/pages\/86\/revisions\/214"}],"wp:attachment":[{"href":"https:\/\/www.medman.sk\/index.php\/wp-json\/wp\/v2\/media?parent=86"}],"curies":[{"name":"wp","href":"https:\/\/api.w.org\/{rel}","templated":true}]}}