{"id":94,"date":"2020-08-23T19:51:43","date_gmt":"2020-08-23T17:51:43","guid":{"rendered":"https:\/\/www.medman.sk\/?page_id=94"},"modified":"2020-08-23T21:29:23","modified_gmt":"2020-08-23T19:29:23","slug":"about","status":"publish","type":"page","link":"https:\/\/www.medman.sk\/index.php\/about\/","title":{"rendered":"O n\u00e1s"},"content":{"rendered":"\n<style type=\"text\/css\" data-created_by=\"avia_inline_auto\" id=\"style-css-av-1neni-79cb19a5e2957472004530e21578e7b6\">\n.flex_column.av-1neni-79cb19a5e2957472004530e21578e7b6{\nborder-radius:0px 0px 0px 0px;\npadding:0px 0px 0px 0px;\n}\n<\/style>\n<div  class='flex_column av-1neni-79cb19a5e2957472004530e21578e7b6 av_one_half  avia-builder-el-0  el_before_av_one_half  avia-builder-el-first  first flex_column_div av-zero-column-padding  '     ><p><section  class='av_textblock_section av-ke7dxw3k-7c4fe5683cf1d68807af1199b8e2103e '   itemscope=\"itemscope\" itemtype=\"https:\/\/schema.org\/CreativeWork\" ><div class='avia_textblock'  itemprop=\"text\" ><p><span style=\"line-height: 1.5;\">Firma MEDMAN s.r.o. vznikla transform\u00e1ciou ne\u0161t\u00e1tneho zdravotn\u00e9ho zariadenia, v s\u00fa\u010dasnosti poskytuje zdravotn\u00fa starostlivos\u0165 klientom zo \u017dilinsk\u00e9ho ako aj Banskobystrick\u00e9ho kraja v dvoch reumatologick\u00fdch ambulanci\u00e1ch v Martine a v \u010cadci. Cie\u013eom je poskytn\u00fa\u0165 dostupn\u00fa a kvalitn\u00fa zdravotn\u00fa starostlivos\u0165 aj s oh\u013eadom na dohodnut\u00e9 limity so zdravotn\u00fdmi pois\u0165ov\u0148ami<\/span><\/p>\n<\/div><\/section><br \/>\n<section  class='av_textblock_section av-ke7dzpeo-d3e03180f15d18a9be01445bf51ed1c2 '   itemscope=\"itemscope\" itemtype=\"https:\/\/schema.org\/CreativeWork\" ><div class='avia_textblock'  itemprop=\"text\" ><p><strong>Zmluvn\u00ed partneri<\/strong><\/p>\n<p>D\u00f4vera z.p. a.s.<br \/>\nUnion z.p. a.s.<br \/>\nV\u0160ZP a.s.<br \/>\nAlphamedical a.s.<\/p>\n<\/div><\/section><\/p><\/div>\n\n<style type=\"text\/css\" data-created_by=\"avia_inline_auto\" id=\"style-css-av-16cj6-59a4d8a030c00d7433740c888580a1d5\">\n.flex_column.av-16cj6-59a4d8a030c00d7433740c888580a1d5{\nborder-radius:0px 0px 0px 0px;\npadding:0px 0px 0px 0px;\n}\n<\/style>\n<div  class='flex_column av-16cj6-59a4d8a030c00d7433740c888580a1d5 av_one_half  avia-builder-el-3  el_after_av_one_half  el_before_av_section  avia-builder-el-last  flex_column_div av-zero-column-padding  '     ><section  class='av_textblock_section av-ke7e1dop-b3e521ddd5b75fe3319c433f995f07c2 '   itemscope=\"itemscope\" itemtype=\"https:\/\/schema.org\/CreativeWork\" ><div class='avia_textblock'  itemprop=\"text\" ><p><strong>Zmluvn\u00ed lek\u00e1ri<\/strong><\/p>\n<p>MUDr. Anna Ma\u0148kov\u00e1 &#8211; konate\u013e, odborn\u00fd z\u00e1stupca<br \/>\nMUDr. Viliam Ma\u0148ka, PhD &#8211; konate\u013e, odborn\u00fd z\u00e1stupca<br \/>\nMUDr. Gabriela Bel\u00e1kov\u00e1, PhD &#8211; lek\u00e1r \u0161pecialista<\/p>\n<\/div><\/section><\/div>\n<\/div><\/div><\/div><!-- close content main div --><\/div><\/div><div id='av_section_1'  class='avia-section av-av_section-e20e11b232c33ea52312394292f0d9a7 main_color avia-section-default avia-no-border-styling  avia-builder-el-5  el_after_av_one_half  avia-builder-el-last  avia-bg-style-scroll container_wrap sidebar_right'  ><div class='container av-section-cont-open' ><div class='template-page content  av-content-small alpha units'><div class='post-entry post-entry-type-page post-entry-94'><div class='entry-content-wrapper clearfix'>\n\n<style type=\"text\/css\" data-created_by=\"avia_inline_auto\" id=\"style-css-av-av_one_fifth-79ff81c021393065cee878051452f6a6\">\n.flex_column.av-av_one_fifth-79ff81c021393065cee878051452f6a6{\nborder-radius:0px 0px 0px 0px;\npadding:0px 0px 0px 0px;\n}\n<\/style>\n<div  class='flex_column av-av_one_fifth-79ff81c021393065cee878051452f6a6 av_one_fifth  avia-builder-el-6  el_before_av_one_fifth  avia-builder-el-first  first flex_column_div av-zero-column-padding  '     ><div  class=\"avia-animated-number av-ke7hc4dm-8e8e6e35fc3e2dc8b160cb2397cb13c9 av-force-default-color avia_animate_when_visible  avia-builder-el-7  avia-builder-el-no-sibling  av-display-circle \" data-timer=\"5000\"><span class='avia-animated-number-circle '><span class='avia-animated-number-circle-inner'><\/span><\/span><strong class=\"heading avia-animated-number-title\"><span class=\"avia-single-number __av-single-number\" data-number_format=\"\" data-number=\"11824\" data-start_from=\"0\">11824<\/span><\/strong><div class=\"avia-animated-number-content\"><p>Po\u010det vy\u0161etren\u00ed ro\u010dne (2014)<\/p>\n<\/div><\/div><\/div>\n<style type=\"text\/css\" data-created_by=\"avia_inline_auto\" id=\"style-css-av-av_one_fifth-49f6e875884219cf77c24341e550af53\">\n.flex_column.av-av_one_fifth-49f6e875884219cf77c24341e550af53{\nborder-radius:0px 0px 0px 0px;\npadding:0px 0px 0px 0px;\n}\n<\/style>\n<div  class='flex_column av-av_one_fifth-49f6e875884219cf77c24341e550af53 av_one_fifth  avia-builder-el-8  el_after_av_one_fifth  el_before_av_one_fifth  flex_column_div av-zero-column-padding  '     ><div  class=\"avia-animated-number av-ke7hc4dm-8523a87015f68888ed828f664cde36b3 av-force-default-color avia_animate_when_visible  avia-builder-el-9  avia-builder-el-no-sibling  av-display-circle \" data-timer=\"5000\"><span class='avia-animated-number-circle '><span class='avia-animated-number-circle-inner'><\/span><\/span><strong class=\"heading avia-animated-number-title\"><span class=\"avia-single-number __av-single-number\" data-number_format=\"\" data-number=\"10820\" data-start_from=\"0\">10820<\/span><\/strong><div class=\"avia-animated-number-content\"><p>Po\u010det vy\u0161etren\u00ed ro\u010dne (2015)<\/p>\n<\/div><\/div><\/div>\n<style type=\"text\/css\" data-created_by=\"avia_inline_auto\" id=\"style-css-av-av_one_fifth-49f6e875884219cf77c24341e550af53\">\n.flex_column.av-av_one_fifth-49f6e875884219cf77c24341e550af53{\nborder-radius:0px 0px 0px 0px;\npadding:0px 0px 0px 0px;\n}\n<\/style>\n<div  class='flex_column av-av_one_fifth-49f6e875884219cf77c24341e550af53 av_one_fifth  avia-builder-el-10  el_after_av_one_fifth  el_before_av_one_fifth  flex_column_div av-zero-column-padding  '     ><div  class=\"avia-animated-number av-ke7hc4dm-7495ae86cc5ac5a1da24c4ef4046b691 av-force-default-color avia_animate_when_visible  avia-builder-el-11  avia-builder-el-no-sibling  av-display-circle \" data-timer=\"5000\"><span class='avia-animated-number-circle '><span class='avia-animated-number-circle-inner'><\/span><\/span><strong class=\"heading avia-animated-number-title\"><span class=\"avia-single-number __av-single-number\" data-number_format=\"\" data-number=\"10300\" data-start_from=\"0\">10300<\/span><\/strong><div class=\"avia-animated-number-content\"><p>Po\u010det vy\u0161etren\u00ed ro\u010dne (2016)<\/p>\n<\/div><\/div><\/div>\n<style type=\"text\/css\" data-created_by=\"avia_inline_auto\" id=\"style-css-av-av_one_fifth-49f6e875884219cf77c24341e550af53\">\n.flex_column.av-av_one_fifth-49f6e875884219cf77c24341e550af53{\nborder-radius:0px 0px 0px 0px;\npadding:0px 0px 0px 0px;\n}\n<\/style>\n<div  class='flex_column av-av_one_fifth-49f6e875884219cf77c24341e550af53 av_one_fifth  avia-builder-el-12  el_after_av_one_fifth  el_before_av_one_fifth  flex_column_div av-zero-column-padding  '     ><div  class=\"avia-animated-number av-ke7hc4dm-00ad08caa027f95ae806408aa530d0a1 av-force-default-color avia_animate_when_visible  avia-builder-el-13  avia-builder-el-no-sibling  av-display-circle \" data-timer=\"5000\"><span class='avia-animated-number-circle '><span class='avia-animated-number-circle-inner'><\/span><\/span><strong class=\"heading avia-animated-number-title\"><span class=\"avia-single-number __av-single-number\" data-number_format=\"\" data-number=\"10282\" data-start_from=\"0\">10282<\/span><\/strong><div class=\"avia-animated-number-content\"><p>Po\u010det vy\u0161etren\u00ed ro\u010dne (2017)<\/p>\n<\/div><\/div><\/div>\n<style type=\"text\/css\" data-created_by=\"avia_inline_auto\" id=\"style-css-av-av_one_fifth-49f6e875884219cf77c24341e550af53\">\n.flex_column.av-av_one_fifth-49f6e875884219cf77c24341e550af53{\nborder-radius:0px 0px 0px 0px;\npadding:0px 0px 0px 0px;\n}\n<\/style>\n<div  class='flex_column av-av_one_fifth-49f6e875884219cf77c24341e550af53 av_one_fifth  avia-builder-el-14  el_after_av_one_fifth  el_before_av_one_fifth  flex_column_div av-zero-column-padding  '     ><div  class=\"avia-animated-number av-ke7hc4dm-999ebe9c1bda26ba616dba5a372b8312 av-force-default-color avia_animate_when_visible  avia-builder-el-15  avia-builder-el-no-sibling  av-display-circle \" data-timer=\"5000\"><span class='avia-animated-number-circle '><span class='avia-animated-number-circle-inner'><\/span><\/span><strong class=\"heading avia-animated-number-title\"><span class=\"avia-single-number __av-single-number\" data-number_format=\"\" data-number=\"10566\" data-start_from=\"0\">10566<\/span><\/strong><div class=\"avia-animated-number-content\"><p>Po\u010det vy\u0161etren\u00ed ro\u010dne (2018)<\/p>\n<\/div><\/div><\/div>\n<style type=\"text\/css\" data-created_by=\"avia_inline_auto\" id=\"style-css-av-av_one_fifth-79ff81c021393065cee878051452f6a6\">\n.flex_column.av-av_one_fifth-79ff81c021393065cee878051452f6a6{\nborder-radius:0px 0px 0px 0px;\npadding:0px 0px 0px 0px;\n}\n<\/style>\n<div  class='flex_column av-av_one_fifth-79ff81c021393065cee878051452f6a6 av_one_fifth  avia-builder-el-16  el_after_av_one_fifth  el_before_av_one_fifth  first flex_column_div av-zero-column-padding  column-top-margin'     ><div  class=\"avia-animated-number av-ke7hc4dm-ed5d90bf5aca6a73dfd05fb83acbd1ba av-force-default-color avia_animate_when_visible  avia-builder-el-17  avia-builder-el-no-sibling  av-display-circle \" data-timer=\"5000\"><span class='avia-animated-number-circle '><span class='avia-animated-number-circle-inner'><\/span><\/span><strong class=\"heading avia-animated-number-title\"><span class=\"avia-single-number __av-single-number\" data-number_format=\"\" data-number=\"11450\" data-start_from=\"0\">11450<\/span><\/strong><div class=\"avia-animated-number-content\"><p>Po\u010det vy\u0161etren\u00ed ro\u010dne (2019)<\/p>\n<\/div><\/div><\/div>\n<style type=\"text\/css\" data-created_by=\"avia_inline_auto\" id=\"style-css-av-av_one_fifth-49f6e875884219cf77c24341e550af53\">\n.flex_column.av-av_one_fifth-49f6e875884219cf77c24341e550af53{\nborder-radius:0px 0px 0px 0px;\npadding:0px 0px 0px 0px;\n}\n<\/style>\n<div  class='flex_column av-av_one_fifth-49f6e875884219cf77c24341e550af53 av_one_fifth  avia-builder-el-18  el_after_av_one_fifth  el_before_av_one_fifth  flex_column_div av-zero-column-padding  column-top-margin'     ><div  class=\"avia-animated-number av-ke7hc4dm-08ed135b054164a1e68e2d1799d8fbfc av-force-default-color avia_animate_when_visible  avia-builder-el-19  avia-builder-el-no-sibling  av-display-circle \" data-timer=\"5000\"><span class='avia-animated-number-circle '><span class='avia-animated-number-circle-inner'><\/span><\/span><strong class=\"heading avia-animated-number-title\"><span class=\"avia-single-number __av-single-number\" data-number_format=\"\" data-number=\"2127\" data-start_from=\"0\">2127<\/span><\/strong><div class=\"avia-animated-number-content\"><p>celkov\u00fd po\u010det vy\u0161etren\u00fdch pacientov (2014)<\/p>\n<\/div><\/div><\/div>\n<style type=\"text\/css\" data-created_by=\"avia_inline_auto\" id=\"style-css-av-av_one_fifth-49f6e875884219cf77c24341e550af53\">\n.flex_column.av-av_one_fifth-49f6e875884219cf77c24341e550af53{\nborder-radius:0px 0px 0px 0px;\npadding:0px 0px 0px 0px;\n}\n<\/style>\n<div  class='flex_column av-av_one_fifth-49f6e875884219cf77c24341e550af53 av_one_fifth  avia-builder-el-20  el_after_av_one_fifth  el_before_av_one_fifth  flex_column_div av-zero-column-padding  column-top-margin'     ><div  class=\"avia-animated-number av-ke7hc4dm-1f8e3dc44262990717d94d7c6e5e9309 av-force-default-color avia_animate_when_visible  avia-builder-el-21  avia-builder-el-no-sibling  av-display-circle \" data-timer=\"5000\"><span class='avia-animated-number-circle '><span class='avia-animated-number-circle-inner'><\/span><\/span><strong class=\"heading avia-animated-number-title\"><span class=\"avia-single-number __av-single-number\" data-number_format=\"\" data-number=\"2324\" data-start_from=\"0\">2324<\/span><\/strong><div class=\"avia-animated-number-content\"><p>celkov\u00fd po\u010det vy\u0161etren\u00fdch pacientov (2015)<\/p>\n<\/div><\/div><\/div>\n<style type=\"text\/css\" data-created_by=\"avia_inline_auto\" id=\"style-css-av-av_one_fifth-49f6e875884219cf77c24341e550af53\">\n.flex_column.av-av_one_fifth-49f6e875884219cf77c24341e550af53{\nborder-radius:0px 0px 0px 0px;\npadding:0px 0px 0px 0px;\n}\n<\/style>\n<div  class='flex_column av-av_one_fifth-49f6e875884219cf77c24341e550af53 av_one_fifth  avia-builder-el-22  el_after_av_one_fifth  el_before_av_one_fifth  flex_column_div av-zero-column-padding  column-top-margin'     ><div  class=\"avia-animated-number av-ke7hc4dm-2ccf18463cc8614d63d0c7fab72cde82 av-force-default-color avia_animate_when_visible  avia-builder-el-23  avia-builder-el-no-sibling  av-display-circle \" data-timer=\"5000\"><span class='avia-animated-number-circle '><span class='avia-animated-number-circle-inner'><\/span><\/span><strong class=\"heading avia-animated-number-title\"><span class=\"avia-single-number __av-single-number\" data-number_format=\"\" data-number=\"2175\" data-start_from=\"0\">2175<\/span><\/strong><div class=\"avia-animated-number-content\"><p>celkov\u00fd po\u010det vy\u0161etren\u00fdch pacientov (2016)<\/p>\n<\/div><\/div><\/div>\n<style type=\"text\/css\" data-created_by=\"avia_inline_auto\" id=\"style-css-av-av_one_fifth-49f6e875884219cf77c24341e550af53\">\n.flex_column.av-av_one_fifth-49f6e875884219cf77c24341e550af53{\nborder-radius:0px 0px 0px 0px;\npadding:0px 0px 0px 0px;\n}\n<\/style>\n<div  class='flex_column av-av_one_fifth-49f6e875884219cf77c24341e550af53 av_one_fifth  avia-builder-el-24  el_after_av_one_fifth  el_before_av_one_fifth  flex_column_div av-zero-column-padding  column-top-margin'     ><div  class=\"avia-animated-number av-ke7hc4dm-dc678b06e9baeef39f5b896ec7ed41cd av-force-default-color avia_animate_when_visible  avia-builder-el-25  avia-builder-el-no-sibling  av-display-circle \" data-timer=\"5000\"><span class='avia-animated-number-circle '><span class='avia-animated-number-circle-inner'><\/span><\/span><strong class=\"heading avia-animated-number-title\"><span class=\"avia-single-number __av-single-number\" data-number_format=\"\" data-number=\"2336\" data-start_from=\"0\">2336<\/span><\/strong><div class=\"avia-animated-number-content\"><p>celkov\u00fd po\u010det vy\u0161etren\u00fdch pacientov (2017)<\/p>\n<\/div><\/div><\/div>\n<style type=\"text\/css\" data-created_by=\"avia_inline_auto\" id=\"style-css-av-av_one_fifth-79ff81c021393065cee878051452f6a6\">\n.flex_column.av-av_one_fifth-79ff81c021393065cee878051452f6a6{\nborder-radius:0px 0px 0px 0px;\npadding:0px 0px 0px 0px;\n}\n<\/style>\n<div  class='flex_column av-av_one_fifth-79ff81c021393065cee878051452f6a6 av_one_fifth  avia-builder-el-26  el_after_av_one_fifth  el_before_av_one_fifth  first flex_column_div av-zero-column-padding  column-top-margin'     ><div  class=\"avia-animated-number av-ke7hc4dm-800ba17b95cbc752636890f3fa703d1d av-force-default-color avia_animate_when_visible  avia-builder-el-27  avia-builder-el-no-sibling  av-display-circle \" data-timer=\"5000\"><span class='avia-animated-number-circle '><span class='avia-animated-number-circle-inner'><\/span><\/span><strong class=\"heading avia-animated-number-title\"><span class=\"avia-single-number __av-single-number\" data-number_format=\"\" data-number=\"2519\" data-start_from=\"0\">2519<\/span><\/strong><div class=\"avia-animated-number-content\"><p>celkov\u00fd po\u010det vy\u0161etren\u00fdch pacientov (2018)<\/p>\n<\/div><\/div><\/div>\n<style type=\"text\/css\" data-created_by=\"avia_inline_auto\" id=\"style-css-av-av_one_fifth-49f6e875884219cf77c24341e550af53\">\n.flex_column.av-av_one_fifth-49f6e875884219cf77c24341e550af53{\nborder-radius:0px 0px 0px 0px;\npadding:0px 0px 0px 0px;\n}\n<\/style>\n<div  class='flex_column av-av_one_fifth-49f6e875884219cf77c24341e550af53 av_one_fifth  avia-builder-el-28  el_after_av_one_fifth  avia-builder-el-last  flex_column_div av-zero-column-padding  column-top-margin'     ><div  class=\"avia-animated-number av-ke7hc4dm-9fb73618e5510f4b4049ce6885eaef3d av-force-default-color avia_animate_when_visible  avia-builder-el-29  avia-builder-el-no-sibling  av-display-circle \" data-timer=\"5000\"><span class='avia-animated-number-circle '><span class='avia-animated-number-circle-inner'><\/span><\/span><strong class=\"heading avia-animated-number-title\"><span class=\"avia-single-number __av-single-number\" data-number_format=\"\" data-number=\"2712\" data-start_from=\"0\">2712<\/span><\/strong><div class=\"avia-animated-number-content\"><p>celkov\u00fd po\u010det vy\u0161etren\u00fdch pacientov (2019)<\/p>\n<\/div><\/div><\/div><\/div><\/div><\/div><!-- close content main div --><\/div><\/div><div id='after_section_1'  class='main_color av_default_container_wrap container_wrap sidebar_right'  ><div class='container av-section-cont-open' ><div class='template-page content  av-content-small alpha units'><div class='post-entry post-entry-type-page post-entry-94'><div class='entry-content-wrapper clearfix'>\n","protected":false},"excerpt":{"rendered":"","protected":false},"author":1,"featured_media":0,"parent":0,"menu_order":0,"comment_status":"closed","ping_status":"closed","template":"","meta":{"footnotes":""},"class_list":["post-94","page","type-page","status-publish","hentry"],"_links":{"self":[{"href":"https:\/\/www.medman.sk\/index.php\/wp-json\/wp\/v2\/pages\/94","targetHints":{"allow":["GET"]}}],"collection":[{"href":"https:\/\/www.medman.sk\/index.php\/wp-json\/wp\/v2\/pages"}],"about":[{"href":"https:\/\/www.medman.sk\/index.php\/wp-json\/wp\/v2\/types\/page"}],"author":[{"embeddable":true,"href":"https:\/\/www.medman.sk\/index.php\/wp-json\/wp\/v2\/users\/1"}],"replies":[{"embeddable":true,"href":"https:\/\/www.medman.sk\/index.php\/wp-json\/wp\/v2\/comments?post=94"}],"version-history":[{"count":2,"href":"https:\/\/www.medman.sk\/index.php\/wp-json\/wp\/v2\/pages\/94\/revisions"}],"predecessor-version":[{"id":104,"href":"https:\/\/www.medman.sk\/index.php\/wp-json\/wp\/v2\/pages\/94\/revisions\/104"}],"wp:attachment":[{"href":"https:\/\/www.medman.sk\/index.php\/wp-json\/wp\/v2\/media?parent=94"}],"curies":[{"name":"wp","href":"https:\/\/api.w.org\/{rel}","templated":true}]}}