{"id":96,"date":"2020-08-23T19:56:14","date_gmt":"2020-08-23T17:56:14","guid":{"rendered":"https:\/\/www.medman.sk\/?page_id=96"},"modified":"2023-10-22T14:52:55","modified_gmt":"2023-10-22T12:52:55","slug":"vyvolavaci","status":"publish","type":"page","link":"https:\/\/www.medman.sk\/index.php\/vyvolavaci\/","title":{"rendered":"Vyvol\u00e1vac\u00ed syst\u00e9m"},"content":{"rendered":"\n<style type=\"text\/css\" data-created_by=\"avia_inline_auto\" id=\"style-css-av-1qr6g-59bf906726498f9cfc28ebbdf174eadb\">\n.flex_column.av-1qr6g-59bf906726498f9cfc28ebbdf174eadb{\nborder-radius:0px 0px 0px 0px;\npadding:0px 0px 0px 0px;\n}\n<\/style>\n<div  class='flex_column av-1qr6g-59bf906726498f9cfc28ebbdf174eadb av_one_half  avia-builder-el-0  el_before_av_one_half  avia-builder-el-first  first flex_column_div av-zero-column-padding  '     ><section  class='av_textblock_section av-ke7e4d8d-f72ce33589d5065bb6c1662d10032576 '   itemscope=\"itemscope\" itemtype=\"https:\/\/schema.org\/CreativeWork\" ><div class='avia_textblock'  itemprop=\"text\" ><p>Od 1. decembra 2017 sme zak\u00fapili modern\u00e9 vyvol\u00e1vacie syst\u00e9my do ambulanci\u00ed, ktor\u00e9 zjednodu\u0161ia a anonymizuj\u00fa zaradenie a vyvol\u00e1vanie pacientov v porad\u00ed.<\/p>\n<p>11. okt\u00f3ber 2023 &#8211; zmena za vyvol\u00e1vac\u00ed syst\u00e9m e\u010cak\u00e1re\u0148. Zaradenie do poradia cez kiosk v \u010dak\u00e1rni alebo mobiln\u00fa aplik\u00e1ciu je pre na\u0161ich pacientov bezplatn\u00e9, takisto notifik\u00e1cia cez sms alebo v aplik\u00e1cii. Pri zaraden\u00ed do poradia syst\u00e9m automaticky vyhodnot\u00ed pribli\u017en\u00fd \u010das \u010dakania na vy\u0161etrenie, pokia\u013e je to viac ako 30 min\u00fat m\u00f4\u017eete zada\u0165 telef\u00f3nne \u010d\u00edslo a pred vy\u0161etren\u00edm V\u00e1m pr\u00edde bezplatn\u00e1 notifik\u00e1cia.<\/p>\n<\/div><\/section><\/div>\n<style type=\"text\/css\" data-created_by=\"avia_inline_auto\" id=\"style-css-av-zbak-d2c919c3d27155357aed468f73490bb8\">\n.flex_column.av-zbak-d2c919c3d27155357aed468f73490bb8{\nborder-radius:0px 0px 0px 0px;\npadding:0px 0px 0px 0px;\n}\n<\/style>\n<div  class='flex_column av-zbak-d2c919c3d27155357aed468f73490bb8 av_one_half  avia-builder-el-2  el_after_av_one_half  avia-builder-el-last  flex_column_div av-zero-column-padding  '     ><section  class='av_textblock_section av-ke7e4d8d-1-dde3704415fbb5899f186ea59fc74586 '   itemscope=\"itemscope\" itemtype=\"https:\/\/schema.org\/CreativeWork\" ><div class='avia_textblock'  itemprop=\"text\" ><p>e\u010cak\u00e1re\u0148 ambulancia Martin <a href=\"https:\/\/www.ecakaren.sk\/lekari\/gabriela-belakova\/\" target=\"_blank\" rel=\"noopener\">klikni tu<\/a><\/p>\n<p>e\u010cak\u00e1re\u0148\u00a0ambulancia \u010cadca <a href=\"https:\/\/www.ecakaren.sk\/lekari\/viliam-manka\/\" target=\"_blank\" rel=\"noopener\">klikni tu<\/a><\/p>\n<\/div><\/section><\/div><\/p>\n","protected":false},"excerpt":{"rendered":"","protected":false},"author":1,"featured_media":0,"parent":0,"menu_order":0,"comment_status":"closed","ping_status":"closed","template":"","meta":{"footnotes":""},"class_list":["post-96","page","type-page","status-publish","hentry"],"_links":{"self":[{"href":"https:\/\/www.medman.sk\/index.php\/wp-json\/wp\/v2\/pages\/96","targetHints":{"allow":["GET"]}}],"collection":[{"href":"https:\/\/www.medman.sk\/index.php\/wp-json\/wp\/v2\/pages"}],"about":[{"href":"https:\/\/www.medman.sk\/index.php\/wp-json\/wp\/v2\/types\/page"}],"author":[{"embeddable":true,"href":"https:\/\/www.medman.sk\/index.php\/wp-json\/wp\/v2\/users\/1"}],"replies":[{"embeddable":true,"href":"https:\/\/www.medman.sk\/index.php\/wp-json\/wp\/v2\/comments?post=96"}],"version-history":[{"count":4,"href":"https:\/\/www.medman.sk\/index.php\/wp-json\/wp\/v2\/pages\/96\/revisions"}],"predecessor-version":[{"id":223,"href":"https:\/\/www.medman.sk\/index.php\/wp-json\/wp\/v2\/pages\/96\/revisions\/223"}],"wp:attachment":[{"href":"https:\/\/www.medman.sk\/index.php\/wp-json\/wp\/v2\/media?parent=96"}],"curies":[{"name":"wp","href":"https:\/\/api.w.org\/{rel}","templated":true}]}}