{"id":98,"date":"2020-08-23T20:00:59","date_gmt":"2020-08-23T18:00:59","guid":{"rendered":"https:\/\/www.medman.sk\/?page_id=98"},"modified":"2020-08-23T20:00:59","modified_gmt":"2020-08-23T18:00:59","slug":"faq","status":"publish","type":"page","link":"https:\/\/www.medman.sk\/index.php\/faq\/","title":{"rendered":"Naj\u010dastej\u0161ie ot\u00e1zky"},"content":{"rendered":"<section  class='av_textblock_section av-ke7edpco-155590e0d320615a154516303a64c45f '   itemscope=\"itemscope\" itemtype=\"https:\/\/schema.org\/CreativeWork\" ><div class='avia_textblock'  itemprop=\"text\" ><p><strong>Je mo\u017en\u00e9 objednanie sa na presn\u00fd \u010das?<\/strong><\/p>\n<blockquote>\n<p>\u00c1no, ale mimo ordina\u010dn\u00e9 hodiny. Prednostn\u00e9 vy\u0161etrenia boli zo z\u00e1kona zru\u0161en\u00e9 pozme\u0148ovac\u00edm n\u00e1vrhom Juraja Blan\u00e1ra, nie je pravda, \u017ee je mo\u017en\u00e9 ich poskytova\u0165 bezodplatne. V pr\u00edpade z\u00e1ujmu o vy\u0161etrenie v presne stanoven\u00fd \u010das mimo ordina\u010dn\u00fdch hod\u00edn kontaktujte s priamou po\u017eiadavkou zdravotn\u00fa\u00a0sestru\u00a0alebo lek\u00e1ra<\/p>\n<\/blockquote>\n<p><strong>\u010co potrebujem k prv\u00e9mu vy\u0161etreniu?<\/strong><\/p>\n<blockquote>\n<p>Preukaz poistenca alebo ob\u010diansky preukaz s \u010dipom, zdravotn\u00fa dokument\u00e1ciu, odpor\u00fa\u010danie v\u0161eobecn\u00e9ho lek\u00e1ra alebo \u0161pecialistu; z\u00e1kladn\u00e9 reumatologick\u00e9 odbery \u00a0(KO+diff, FW, CRP, RF, ACCP) nie s\u00fa nutn\u00e9, ale ak s\u00fa odobran\u00e9, v mnoh\u00fdch pr\u00edpadoch to zjednodu\u0161\u00ed a ur\u00fdchli diagnostiku<\/p>\n<\/blockquote>\n<p><strong>Potrebujem odpor\u00fa\u010danie ku ka\u017ed\u00e9mu vy\u0161etreniu?<\/strong><\/p>\n<blockquote>\n<p>Pokia\u013e lek\u00e1r ur\u010d\u00ed pacientovi \u010fal\u0161ie kontroly (dispenz\u00e1rne) resp. ho objedn\u00e1, odpor\u00fa\u010danie nie je nutn\u00e9<\/p>\n<\/blockquote>\n<p><strong>Ako m\u00e1 vyzera\u0165 odpor\u00fa\u010danie?<\/strong><\/p>\n<blockquote>\n<p>Z\u00e1kon neur\u010duje formu ale obsah odpor\u00fa\u010dania. z poh\u013eadu formy teda m\u00f4\u017ee by\u0165 odpor\u00fa\u010danie formou v\u00fdmenn\u00e9ho l\u00edstku ale pokojne m\u00f4\u017ee by\u0165 aj ako z\u00e1pis v zdravotnej dokument\u00e1cii. Odpor\u00fa\u010danie by malo obsahova\u0165 identifika\u010dn\u00e9 \u00fadaje poistenca a poskytovate\u013ea, stru\u010dn\u00fd opis aktu\u00e1lneho zdravotn\u00e9ho stavu, predbe\u017en\u00e9 stanovenie choroby vr\u00e1tane jej k\u00f3du, rozsah a cie\u013e odpor\u00fa\u010dan\u00e9ho vy\u0161etrenia a od\u00f4vodnenie odpor\u00fa\u010dania.<\/p>\n<\/blockquote>\n<p><strong>Potrebujem odpor\u00fa\u010danie v\u0161eobecn\u00e9ho lek\u00e1ra, pokia\u013e u\u017e m\u00e1m odpor\u00fa\u010danie \u0161pecialistu?<\/strong><\/p>\n<blockquote>\n<p>Nie, v tomto pr\u00edpade samozrejme p\u00edsa\u0165 duplicitn\u00e9 odpor\u00fa\u010danie nie je nutn\u00e9 ani vy\u017eadova\u0165 ho nie je z\u00e1konn\u00e9<\/p>\n<\/blockquote>\n<p><strong>E\u0161te som u V\u00e1s vy\u0161etren\u00fd nebol a m\u00e1m ak\u00fatny probl\u00e9m, je nutn\u00e9 beha\u0165 po odpor\u00fa\u010danie k v\u0161eobecn\u00e9mu lek\u00e1rovi?<\/strong><\/p>\n<blockquote>\n<p>Zdravotn\u00e9 komplik\u00e1cie (pokia\u013e nejde o bezprostredn\u00e9 ohrozenie \u017eivota) rie\u0161i a zdravotn\u00fa starostlivos\u0165 mana\u017euje praktick\u00fd (obvodn\u00fd) lek\u00e1r. Obvodn\u00fd lek\u00e1r m\u00e1 v kompetencii poskytn\u00fa\u0165 prv\u00e9 usmernenie, z\u00e1kladn\u00e9 vy\u0161etrenie a z\u00e1kladn\u00fa lie\u010dbu do \u010dasu vy\u0161etrenia \u0161pecialistom (pokia\u013e je to nutn\u00e9). Povinnos\u0165 odpor\u00fa\u010dan\u00ed k \u0161pecialistovi mala vies\u0165 pr\u00e1ve k neobch\u00e1dzaniu z\u00e1kladnej diagnostiky a mana\u017ementu lie\u010dby v ambulanci\u00e1ch praktick\u00fdch lek\u00e1rov<\/p>\n<\/blockquote>\n<p><strong>Pre\u010do objedn\u00e1vate v\u0161etk\u00fdch pacientov?<\/strong><\/p>\n<blockquote>\n<p>V z\u00e1ujme zefekt\u00edvnenia pr\u00e1ce v ambulancii a minimalizovania \u010dakania<\/p>\n<\/blockquote>\n<p><strong>Dost\u00e1vate kapita\u010dn\u00e9 platby za pacientov v datab\u00e1ze?<\/strong><\/p>\n<blockquote>\n<p>Nie, lek\u00e1ri \u0161pecialisti dost\u00e1vaj\u00fa len platby za realizovan\u00e9 vy\u0161etrenia a v\u00fdkony, to znamen\u00e1, \u017ee ak v ambulancii bude mesiac dovolenka, tak jej mesa\u010dn\u00e9 pr\u00edjmy bud\u00fa nula eur<\/p>\n<\/blockquote>\n<p><strong>M\u00f4\u017eem nav\u0161t\u00edvi\u0165 lek\u00e1ra \u0161pecialistu aj mimo moje bydlisko?<\/strong><\/p>\n<blockquote>\n<p>\u00c1no, rajoniz\u00e1cia pri \u0161pecializovanej zdravotnej starostlivosti neexistuje, to znamen\u00e1, ka\u017ed\u00fd si m\u00f4\u017ee slobodne vybra\u0165 ktor\u00e9hoko\u013evek zmluvn\u00e9ho poskytovate\u013ea jeho zdravotnej pois\u0165ovne. Bydlisko mimo okres poskytovate\u013ea nie je z\u00e1konn\u00fd d\u00f4vod na odmietnutie vy\u0161etrenia pacienta<\/p>\n<\/blockquote>\n<p><strong>M\u00f4\u017ee lek\u00e1r po\u017eadova\u0165 priamu platbu za o\u0161etrenie?<\/strong><\/p>\n<blockquote>\n<p>\u00c1no, lek\u00e1r m\u00f4\u017ee po\u017eadova\u0165 priamu platbu za o\u0161etrenie nezmluvn\u00fdch pacientov, pri zmluvn\u00fdch pacientoch m\u00f4\u017ee po\u017eadova\u0165 platbu pri nezazmluvnen\u00fdch v\u00fdkonoch (vr\u00e1tane v\u00fdkonov nad dohodnut\u00fd limit so zdravotnou pois\u0165ov\u0148ou)<\/p>\n<\/blockquote>\n<\/div><\/section>\n","protected":false},"excerpt":{"rendered":"","protected":false},"author":1,"featured_media":0,"parent":0,"menu_order":0,"comment_status":"closed","ping_status":"closed","template":"","meta":{"footnotes":""},"class_list":["post-98","page","type-page","status-publish","hentry"],"_links":{"self":[{"href":"https:\/\/www.medman.sk\/index.php\/wp-json\/wp\/v2\/pages\/98","targetHints":{"allow":["GET"]}}],"collection":[{"href":"https:\/\/www.medman.sk\/index.php\/wp-json\/wp\/v2\/pages"}],"about":[{"href":"https:\/\/www.medman.sk\/index.php\/wp-json\/wp\/v2\/types\/page"}],"author":[{"embeddable":true,"href":"https:\/\/www.medman.sk\/index.php\/wp-json\/wp\/v2\/users\/1"}],"replies":[{"embeddable":true,"href":"https:\/\/www.medman.sk\/index.php\/wp-json\/wp\/v2\/comments?post=98"}],"version-history":[{"count":1,"href":"https:\/\/www.medman.sk\/index.php\/wp-json\/wp\/v2\/pages\/98\/revisions"}],"predecessor-version":[{"id":99,"href":"https:\/\/www.medman.sk\/index.php\/wp-json\/wp\/v2\/pages\/98\/revisions\/99"}],"wp:attachment":[{"href":"https:\/\/www.medman.sk\/index.php\/wp-json\/wp\/v2\/media?parent=98"}],"curies":[{"name":"wp","href":"https:\/\/api.w.org\/{rel}","templated":true}]}}